{"id":1495,"date":"2024-10-17T10:10:42","date_gmt":"2024-10-17T08:10:42","guid":{"rendered":"https:\/\/preprod.wp.dupont.wavenet-test.be\/home\/"},"modified":"2026-03-16T13:14:33","modified_gmt":"2026-03-16T12:14:33","slug":"home","status":"publish","type":"page","link":"https:\/\/www.brasserie-dupont.com\/en\/","title":{"rendered":"Home"},"content":{"rendered":"<p>[et_pb_section fb_built=&#8221;1&#8243; fullwidth=&#8221;on&#8221; admin_label=&#8221;Header Section&#8221; _builder_version=&#8221;4.27.6&#8243; background_color=&#8221;#000000&#8243; bottom_divider_flip=&#8221;horizontal&#8221; hover_enabled=&#8221;0&#8243; global_colors_info=&#8221;{}&#8221; sticky_enabled=&#8221;0&#8243;][et_pb_fullwidth_header title=&#8221;New!&#8221; subhead=&#8221;Gluten-free arrives at Dupont Brewery&#8221; button_one_text=&#8221;FOMO&#8221; button_one_url=&#8221;https:\/\/www.brasserie-dupont.com\/en\/fomo\/&#8221; button_two_text=&#8221;Saison L\u00e9g\u00e8re&#8221; button_two_url=&#8221;https:\/\/www.brasserie-dupont.com\/en\/saison-legere\/&#8221; content_max_width=&#8221;640px&#8221; _builder_version=&#8221;4.27.6&#8243; title_level=&#8221;h2&#8243; title_font=&#8221;Bebas Neue|||on|||||&#8221; title_font_size=&#8221;20px&#8221; title_letter_spacing=&#8221;3px&#8221; title_line_height=&#8221;1.5em&#8221; content_font=&#8221;Open Sans||||||||&#8221; content_font_size=&#8221;18px&#8221; subhead_font=&#8221;Bebas Neue||||||||&#8221; subhead_font_size=&#8221;61px&#8221; subhead_line_height=&#8221;1.1em&#8221; background_color=&#8221;rgba(255,255,255,0)&#8221; background_image=&#8221;https:\/\/www.brasserie-dupont.com\/wp-content\/uploads\/2026\/03\/hero_OK.png&#8221; custom_button_one=&#8221;on&#8221; button_one_text_size=&#8221;16px&#8221; button_one_text_color=&#8221;#FFFFFF&#8221; button_one_bg_color=&#8221;#181d38&#8243; button_one_border_width=&#8221;15px&#8221; button_one_border_color=&#8221;rgba(210,159,104,0)&#8221; button_one_border_radius=&#8221;100px&#8221; button_one_letter_spacing=&#8221;3px&#8221; button_one_font=&#8221;Oswald|||on|||||&#8221; button_one_use_icon=&#8221;off&#8221; custom_button_two=&#8221;on&#8221; button_two_text_size=&#8221;16px&#8221; button_two_text_color=&#8221;#ffffff&#8221; button_two_bg_color=&#8221;rgba(140,101,142,0.35)&#8221; button_two_border_width=&#8221;15px&#8221; button_two_border_color=&#8221;rgba(0,0,0,0)&#8221; button_two_border_radius=&#8221;100px&#8221; button_two_letter_spacing=&#8221;3px&#8221; button_two_font=&#8221;Oswald|||on|||||&#8221; button_two_use_icon=&#8221;off&#8221; custom_margin=&#8221;|||&#8221; custom_padding=&#8221;18vw||18vw||true&#8221; animation_style=&#8221;zoom&#8221; animation_duration=&#8221;2000ms&#8221; animation_intensity_zoom=&#8221;4%&#8221; hover_enabled=&#8221;0&#8243; subhead_font_size_tablet=&#8221;80px&#8221; subhead_font_size_phone=&#8221;50px&#8221; subhead_font_size_last_edited=&#8221;on|desktop&#8221; button_one_border_radius_hover=&#8221;100px&#8221; button_one_bg_color_hover=&#8221;#cc8d66&#8243; button_two_bg_color_hover=&#8221;#d29f68&#8243; global_colors_info=&#8221;{}&#8221; button_one_text_size__hover_enabled=&#8221;off&#8221; button_two_text_size__hover_enabled=&#8221;off&#8221; button_one_text_color__hover_enabled=&#8221;off&#8221; button_two_text_color__hover_enabled=&#8221;off&#8221; button_one_border_width__hover_enabled=&#8221;off&#8221; button_two_border_width__hover_enabled=&#8221;off&#8221; button_one_border_color__hover_enabled=&#8221;off&#8221; button_two_border_color__hover_enabled=&#8221;off&#8221; button_one_border_radius__hover_enabled=&#8221;on|desktop&#8221; button_one_border_radius__hover=&#8221;100px&#8221; button_two_border_radius__hover_enabled=&#8221;off&#8221; button_one_letter_spacing__hover_enabled=&#8221;off&#8221; button_two_letter_spacing__hover_enabled=&#8221;off&#8221; button_one_bg_color__hover_enabled=&#8221;on|hover&#8221; button_one_bg_color__hover=&#8221;#21275e&#8221; button_two_bg_color__hover_enabled=&#8221;on|hover&#8221; button_two_bg_color__hover=&#8221;rgba(140,62,142,0.35)&#8221; button_one_bg_enable_color__hover=&#8221;on&#8221; button_two_bg_enable_color__hover=&#8221;on&#8221; title_text=&#8221;hero_OK&#8221; sticky_enabled=&#8221;0&#8243;]<\/p>\n<p>We are launching two new beers: Fomo, a 6.7% ABV tasting beer, and Saison L\u00e9g\u00e8re, a refreshing 2.8% ABV beer.<\/p>\n<p>&nbsp;<\/p>\n<p>[\/et_pb_fullwidth_header][\/et_pb_section][et_pb_section fb_built=&#8221;1&#8243; _builder_version=&#8221;4.27.2&#8243; _module_preset=&#8221;default&#8221; global_colors_info=&#8221;{}&#8221;][et_pb_row _builder_version=&#8221;4.27.2&#8243; _module_preset=&#8221;default&#8221; global_colors_info=&#8221;{}&#8221;][et_pb_column type=&#8221;4_4&#8243; _builder_version=&#8221;4.27.2&#8243; _module_preset=&#8221;default&#8221; global_colors_info=&#8221;{}&#8221;][et_pb_text _builder_version=&#8221;4.27.2&#8243; _module_preset=&#8221;default&#8221; header_2_font=&#8221;Bebas Neue||||||||&#8221; header_2_text_align=&#8221;center&#8221; header_2_text_color=&#8221;#000000&#8243; header_2_font_size=&#8221;40px&#8221; global_colors_info=&#8221;{}&#8221;]<\/p>\n<h2>A brewery that\u2019s bubbling with character<\/h2>\n<p>[\/et_pb_text][et_pb_post_slider more_text=&#8221;En savoir plus&#8221; excerpt_length=&#8221;250&#8243; show_meta=&#8221;off&#8221; image_placement=&#8221;left&#8221; use_bg_overlay=&#8221;off&#8221; use_text_overlay=&#8221;off&#8221; show_image_video_mobile=&#8221;on&#8221; arrows_custom_color=&#8221;#000000&#8243; dot_nav_custom_color=&#8221;#BE1622&#8243; _builder_version=&#8221;4.27.4&#8243; _module_preset=&#8221;default&#8221; header_font=&#8221;Bebas Neue||||||||&#8221; body_font=&#8221;Open Sans||||||||&#8221; body_font_size=&#8221;16px&#8221; body_line_height=&#8221;1.8em&#8221; background_enable_color=&#8221;off&#8221; custom_button=&#8221;on&#8221; button_text_size=&#8221;16px&#8221; button_text_color=&#8221;#FFFFFF&#8221; button_bg_color=&#8221;#BE1622&#8243; button_border_radius=&#8221;73px&#8221; button_custom_margin=&#8221;20px||30px||false|false&#8221; text_orientation=&#8221;left&#8221; background_layout=&#8221;light&#8221; custom_margin=&#8221;-84px||||false|false&#8221; custom_margin_tablet=&#8221;-84px||||false|false&#8221; custom_margin_phone=&#8221;-23px||||false|false&#8221; custom_margin_last_edited=&#8221;on|phone&#8221; hover_transition_duration=&#8221;50ms&#8221; custom_css_free_form=&#8221;||@media all and (max-width: 479px) {||  selector .et-pb-arrow-prev {||     left: -42px !important;||  }||  selector .et-pb-arrow-next {||     right: -42px !important;||  }||}||&#8221; global_colors_info=&#8221;{}&#8221; button_text_color__hover_enabled=&#8221;on|hover&#8221; button_text_color__hover=&#8221;#FFFFFF&#8221;][\/et_pb_post_slider][et_pb_text _builder_version=&#8221;4.27.4&#8243; _module_preset=&#8221;default&#8221; header_2_font=&#8221;Bebas Neue||||||||&#8221; header_2_text_align=&#8221;center&#8221; header_2_text_color=&#8221;#000000&#8243; header_2_font_size=&#8221;40px&#8221; global_colors_info=&#8221;{}&#8221;]<\/p>\n<h2>Find out more&#8230;<\/h2>\n<p>[\/et_pb_text][\/et_pb_column][\/et_pb_row][et_pb_row column_structure=&#8221;1_2,1_2&#8243; use_custom_gutter=&#8221;on&#8221; gutter_width=&#8221;2&#8243; make_equal=&#8221;on&#8221; _builder_version=&#8221;4.27.4&#8243; _module_preset=&#8221;default&#8221; width=&#8221;94%&#8221; width_tablet=&#8221;80%&#8221; width_phone=&#8221;80%&#8221; width_last_edited=&#8221;on|desktop&#8221; max_width=&#8221;2000px&#8221; global_colors_info=&#8221;{}&#8221;][et_pb_column type=&#8221;1_2&#8243; _builder_version=&#8221;4.27.4&#8243; _dynamic_attributes=&#8221;link_option_url&#8221; _module_preset=&#8221;default&#8221; use_background_color_gradient=&#8221;on&#8221; background_color_gradient_stops=&#8221;rgba(0,0,0,0) 0%|#000000 100%&#8221; background_color_gradient_overlays_image=&#8221;on&#8221; background_image=&#8221;https:\/\/www.brasserie-dupont.com\/wp-content\/uploads\/2024\/10\/sdcheers.jpg&#8221; custom_padding=&#8221;24vw|3vw|3vw|3vw|false|true&#8221; custom_padding_tablet=&#8221;24vw|30px|30px|30px|false|true&#8221; custom_padding_phone=&#8221;|20px|20px|20px|false|true&#8221; custom_padding_last_edited=&#8221;off|desktop&#8221; animation_style=&#8221;slide&#8221; animation_direction=&#8221;left&#8221; link_option_url=&#8221;@ET-DC@eyJkeW5hbWljIjp0cnVlLCJjb250ZW50IjoicG9zdF9saW5rX3VybF9wYWdlIiwic2V0dGluZ3MiOnsicG9zdF9pZCI6IjE4NyJ9fQ==@&#8221; border_radii=&#8221;on|10px|10px|10px|10px&#8221; global_colors_info=&#8221;{}&#8221; transform_styles__hover_enabled=&#8221;on|hover&#8221; transform_scale__hover_enabled=&#8221;on|hover&#8221; transform_translate__hover_enabled=&#8221;on|desktop&#8221; transform_rotate__hover_enabled=&#8221;on|desktop&#8221; transform_skew__hover_enabled=&#8221;on|desktop&#8221; transform_origin__hover_enabled=&#8221;on|desktop&#8221; transform_scale__hover=&#8221;98%|98%&#8221;][et_pb_text _builder_version=&#8221;4.27.2&#8243; _module_preset=&#8221;8820d288-3cc1-4a1f-a6f0-b3b42206afcd&#8221; header_3_font=&#8221;Bebas Neue||||||||&#8221; header_3_text_color=&#8221;#FFFFFF&#8221; global_colors_info=&#8221;{}&#8221;]<\/p>\n<h3>Our beers<\/h3>\n<p>[\/et_pb_text][\/et_pb_column][et_pb_column type=&#8221;1_2&#8243; _builder_version=&#8221;4.27.4&#8243; _dynamic_attributes=&#8221;link_option_url&#8221; _module_preset=&#8221;default&#8221; use_background_color_gradient=&#8221;on&#8221; background_color_gradient_stops=&#8221;rgba(0,0,0,0) 0%|#000000 100%&#8221; background_color_gradient_overlays_image=&#8221;on&#8221; background_image=&#8221;https:\/\/www.brasserie-dupont.com\/wp-content\/uploads\/2024\/10\/Sans-titre-1-Recupere.jpg&#8221; custom_padding=&#8221;24vw|3vw|3vw|3vw|false|true&#8221; animation_style=&#8221;slide&#8221; animation_direction=&#8221;right&#8221; link_option_url=&#8221;@ET-DC@eyJkeW5hbWljIjp0cnVlLCJjb250ZW50IjoicG9zdF9saW5rX3VybF9wYWdlIiwic2V0dGluZ3MiOnsicG9zdF9pZCI6IjMwNiJ9fQ==@&#8221; border_radii=&#8221;on|10px|10px|10px|10px&#8221; global_colors_info=&#8221;{}&#8221; transform_styles__hover_enabled=&#8221;on|hover&#8221; transform_scale__hover_enabled=&#8221;on|hover&#8221; transform_translate__hover_enabled=&#8221;on|desktop&#8221; transform_rotate__hover_enabled=&#8221;on|desktop&#8221; transform_skew__hover_enabled=&#8221;on|desktop&#8221; transform_origin__hover_enabled=&#8221;on|desktop&#8221; transform_scale__hover=&#8221;98%|98%&#8221;][et_pb_text _builder_version=&#8221;4.27.2&#8243; _module_preset=&#8221;8820d288-3cc1-4a1f-a6f0-b3b42206afcd&#8221; header_3_font=&#8221;Bebas Neue||||||||&#8221; header_3_text_color=&#8221;#FFFFFF&#8221; locked=&#8221;off&#8221; global_colors_info=&#8221;{}&#8221;]<\/p>\n<h3>Our cheeses<\/h3>\n<p>[\/et_pb_text][\/et_pb_column][\/et_pb_row][\/et_pb_section][et_pb_section fb_built=&#8221;1&#8243; _builder_version=&#8221;4.27.4&#8243; _module_preset=&#8221;default&#8221; background_color=&#8221;#f6f3ef&#8221; global_colors_info=&#8221;{}&#8221;][et_pb_row column_structure=&#8221;1_2,1_2&#8243; _builder_version=&#8221;4.27.4&#8243; _module_preset=&#8221;default&#8221; global_colors_info=&#8221;{}&#8221;][et_pb_column type=&#8221;1_2&#8243; _builder_version=&#8221;4.27.4&#8243; _module_preset=&#8221;default&#8221; global_colors_info=&#8221;{}&#8221;][et_pb_image src=&#8221;https:\/\/www.brasserie-dupont.com\/wp-content\/uploads\/2025\/01\/visite.jpg&#8221; title_text=&#8221;Tour&#8221; _builder_version=&#8221;4.27.4&#8243; _module_preset=&#8221;default&#8221; animation_style=&#8221;slide&#8221; animation_direction=&#8221;left&#8221; global_colors_info=&#8221;{}&#8221;][\/et_pb_image][\/et_pb_column][et_pb_column type=&#8221;1_2&#8243; _builder_version=&#8221;4.27.4&#8243; _module_preset=&#8221;default&#8221; global_colors_info=&#8221;{}&#8221;][et_pb_text _builder_version=&#8221;4.27.4&#8243; _module_preset=&#8221;default&#8221; header_2_font=&#8221;Bebas Neue||||||||&#8221; header_2_text_align=&#8221;center&#8221; header_2_text_color=&#8221;#000000&#8243; header_2_font_size=&#8221;40px&#8221; animation_style=&#8221;slide&#8221; animation_direction=&#8221;right&#8221; global_colors_info=&#8221;{}&#8221;]<\/p>\n<h2 style=\"text-align: left;\">Step inside the brewery!<\/h2>\n<p>[\/et_pb_text][et_pb_text _builder_version=&#8221;4.27.4&#8243; _module_preset=&#8221;default&#8221; text_font=&#8221;Open Sans||||||||&#8221; text_font_size=&#8221;16px&#8221; text_line_height=&#8221;1.8em&#8221; animation_style=&#8221;slide&#8221; animation_direction=&#8221;right&#8221; global_colors_info=&#8221;{}&#8221;]<\/p>\n<p><span>In the capable hands of our guides, you can enjoy a unique experience, finding out about the history of our brewery, built in 1759, as well as our <strong>traditional<\/strong>, <strong>age-old production methods<\/strong>. Best of all, you can taste our products.<br \/>Our tours are available in French, Dutch and English.<\/span><\/p>\n<p>&nbsp;<\/p>\n<p><span><\/span><\/p>\n<p>[\/et_pb_text][et_pb_button button_url=&#8221;@ET-DC@eyJkeW5hbWljIjp0cnVlLCJjb250ZW50IjoicG9zdF9saW5rX3VybF9wYWdlIiwic2V0dGluZ3MiOnsicG9zdF9pZCI6IjE1NSJ9fQ==@&#8221; button_text=&#8221;Book a tour&#8221; _builder_version=&#8221;4.27.4&#8243; _dynamic_attributes=&#8221;button_url&#8221; _module_preset=&#8221;default&#8221; custom_button=&#8221;on&#8221; button_text_size=&#8221;16px&#8221; button_text_color=&#8221;#FFFFFF&#8221; button_bg_color=&#8221;#BE1622&#8243; button_border_radius=&#8221;58px&#8221; button_icon=&#8221;&#x35;||divi||400&#8243; custom_margin=&#8221;-45px||||false|false&#8221; animation_style=&#8221;slide&#8221; animation_direction=&#8221;right&#8221; global_colors_info=&#8221;{}&#8221;][\/et_pb_button][\/et_pb_column][\/et_pb_row][et_pb_row column_structure=&#8221;1_2,1_2&#8243; _builder_version=&#8221;4.27.4&#8243; _module_preset=&#8221;default&#8221; global_colors_info=&#8221;{}&#8221;][et_pb_column type=&#8221;1_2&#8243; _builder_version=&#8221;4.27.4&#8243; _module_preset=&#8221;default&#8221; global_colors_info=&#8221;{}&#8221;][et_pb_text _builder_version=&#8221;4.27.4&#8243; _module_preset=&#8221;default&#8221; header_2_font=&#8221;Bebas Neue||||||||&#8221; header_2_text_align=&#8221;center&#8221; header_2_text_color=&#8221;#000000&#8243; header_2_font_size=&#8221;40px&#8221; animation_style=&#8221;slide&#8221; animation_direction=&#8221;left&#8221; global_colors_info=&#8221;{}&#8221;]<\/p>\n<h2 style=\"text-align: left;\">Home of season&#8230;<\/h2>\n<h2 style=\"text-align: left;\">But what is a \u201cSaison\u201d beer?<\/h2>\n<p>[\/et_pb_text][et_pb_text _builder_version=&#8221;4.27.4&#8243; _module_preset=&#8221;default&#8221; text_font=&#8221;Open Sans||||||||&#8221; text_font_size=&#8221;16px&#8221; text_line_height=&#8221;1.8em&#8221; animation_style=&#8221;slide&#8221; animation_direction=&#8221;left&#8221; global_colors_info=&#8221;{}&#8221;]<\/p>\n<p>\u201cSaison\u201d means \u201cseason\u201d in English, and at the beginning of the 20th century, this description referred to when a beer was consumed: it would be brewed in the winter, then spent several months refermenting in wooden barrels, and was served in the summer to quench the thirst of seasonal farm workers!<\/p>\n<p>More than 100 years later, the recipe for <strong>Saison Dupont<\/strong> remains intact and is brewed in exactly the same spirit\u2026<\/p>\n<p>Now our number one export, the Saison Dupont is brewed all year round and is a benchmark for <strong>Belgium\u2019s brewing traditions<\/strong>.<\/p>\n<p>In order to develop the <strong>Saison <\/strong>range, we rely on all the great markers of the Saison Dupont, and our speciality: a <strong>second fermentation in the bottle<\/strong>. The 75cl Saison Dupont is fermented for a second time horizontally for 6 weeks&#8230; a process that is unique in this area. <\/p>\n<p>&nbsp;<\/p>\n<p><span><\/span><\/p>\n<p>[\/et_pb_text][\/et_pb_column][et_pb_column type=&#8221;1_2&#8243; _builder_version=&#8221;4.27.4&#8243; _module_preset=&#8221;default&#8221; global_colors_info=&#8221;{}&#8221;][et_pb_image src=&#8221;https:\/\/www.brasserie-dupont.com\/wp-content\/uploads\/2025\/01\/dddddddd.png&#8221; title_text=&#8221;dddddddd&#8221; _builder_version=&#8221;4.27.4&#8243; _module_preset=&#8221;default&#8221; custom_margin=&#8221;34px||||false|false&#8221; animation_style=&#8221;slide&#8221; animation_direction=&#8221;right&#8221; global_colors_info=&#8221;{}&#8221;][\/et_pb_image][\/et_pb_column][\/et_pb_row][\/et_pb_section]<\/p>\n","protected":false},"excerpt":{"rendered":"<p>We are launching two new beers: Fomo, a 6.7% ABV tasting beer, and Saison L\u00e9g\u00e8re, a refreshing 2.8% ABV beer. &nbsp;A brewery that\u2019s bubbling with characterFind out more&#8230;Our beersOur cheesesStep inside the brewery!In the capable hands of our guides, you can enjoy a unique experience, finding out about the history of our brewery, built in 1759, as well as our traditional, age-old production methods. Best of all, you can taste our products.Our tours are available in French, Dutch and English. &nbsp; Home of season&#8230; But what is a \u201cSaison\u201d beer?\u201cSaison\u201d means \u201cseason\u201d in English, and at the beginning of the 20th century, this description referred to when a beer was consumed: it would be brewed in the winter, then spent several months refermenting in wooden barrels, and was served in the summer to quench the thirst of seasonal farm workers! More than 100 years later, the recipe for Saison Dupont remains intact and is brewed in exactly the same spirit\u2026 Now our number one export, the Saison Dupont is brewed all year round and is a benchmark for Belgium\u2019s brewing traditions. In order to develop the Saison range, we rely on all the great markers of the Saison Dupont, and [&hellip;]<\/p>\n","protected":false},"author":1,"featured_media":0,"parent":0,"menu_order":0,"comment_status":"closed","ping_status":"closed","template":"","meta":{"_et_pb_use_builder":"on","_et_pb_old_content":"","_et_gb_content_width":"","footnotes":""},"class_list":["post-1495","page","type-page","status-publish","hentry"],"yoast_head":"<!-- This site is optimized with the Yoast SEO Premium plugin v27.5 (Yoast SEO v27.5) - https:\/\/yoast.com\/product\/yoast-seo-premium-wordpress\/ -->\n<title>Brasserie Dupont - Belgian craft brewery, Home of Saison<\/title>\n<meta name=\"description\" content=\"Discover Brasserie Dupont, a Belgian craft brewery. World reference in Saison style for over a hundred years.\" \/>\n<meta name=\"robots\" content=\"index, follow, max-snippet:-1, max-image-preview:large, max-video-preview:-1\" \/>\n<link rel=\"canonical\" href=\"https:\/\/www.brasserie-dupont.com\/en\/\" \/>\n<meta property=\"og:locale\" content=\"en_US\" \/>\n<meta property=\"og:type\" content=\"article\" \/>\n<meta property=\"og:title\" content=\"Home\" \/>\n<meta property=\"og:description\" content=\"Discover Brasserie Dupont, a Belgian craft brewery. World reference in Saison style for over a hundred years.\" \/>\n<meta property=\"og:url\" content=\"https:\/\/www.brasserie-dupont.com\/en\/\" \/>\n<meta property=\"og:site_name\" content=\"Brasserie Dupont\" \/>\n<meta property=\"article:publisher\" content=\"https:\/\/www.facebook.com\/brasseriedupont.srl\" \/>\n<meta property=\"article:modified_time\" content=\"2026-03-16T12:14:33+00:00\" \/>\n<meta property=\"og:image\" content=\"https:\/\/www.brasserie-dupont.com\/wp-content\/uploads\/2025\/08\/article_default.jpg\" \/>\n\t<meta property=\"og:image:width\" content=\"1200\" \/>\n\t<meta property=\"og:image:height\" content=\"675\" \/>\n\t<meta property=\"og:image:type\" content=\"image\/jpeg\" \/>\n<meta name=\"twitter:card\" content=\"summary_large_image\" \/>\n<meta name=\"twitter:label1\" content=\"Est. reading time\" \/>\n\t<meta name=\"twitter:data1\" content=\"9 minutes\" \/>\n<script type=\"application\/ld+json\" class=\"yoast-schema-graph\">{\"@context\":\"https:\\\/\\\/schema.org\",\"@graph\":[{\"@type\":\"WebPage\",\"@id\":\"https:\\\/\\\/www.brasserie-dupont.com\\\/en\\\/\",\"url\":\"https:\\\/\\\/www.brasserie-dupont.com\\\/en\\\/\",\"name\":\"Brasserie Dupont - Belgian craft brewery, Home of Saison\",\"isPartOf\":{\"@id\":\"https:\\\/\\\/www.brasserie-dupont.com\\\/en\\\/#website\"},\"datePublished\":\"2024-10-17T08:10:42+00:00\",\"dateModified\":\"2026-03-16T12:14:33+00:00\",\"description\":\"Discover Brasserie Dupont, a Belgian craft brewery. World reference in Saison style for over a hundred years.\",\"breadcrumb\":{\"@id\":\"https:\\\/\\\/www.brasserie-dupont.com\\\/en\\\/#breadcrumb\"},\"inLanguage\":\"en-US\",\"potentialAction\":[{\"@type\":\"ReadAction\",\"target\":[\"https:\\\/\\\/www.brasserie-dupont.com\\\/en\\\/\"]}]},{\"@type\":\"BreadcrumbList\",\"@id\":\"https:\\\/\\\/www.brasserie-dupont.com\\\/en\\\/#breadcrumb\",\"itemListElement\":[{\"@type\":\"ListItem\",\"position\":1,\"name\":\"Home\",\"item\":\"https:\\\/\\\/www.brasserie-dupont.com\\\/en\\\/\"},{\"@type\":\"ListItem\",\"position\":2,\"name\":\"Home\"}]},{\"@type\":\"WebSite\",\"@id\":\"https:\\\/\\\/www.brasserie-dupont.com\\\/en\\\/#website\",\"url\":\"https:\\\/\\\/www.brasserie-dupont.com\\\/en\\\/\",\"name\":\"Brasserie Dupont\",\"description\":\"\",\"publisher\":{\"@id\":\"https:\\\/\\\/www.brasserie-dupont.com\\\/en\\\/#organization\"},\"potentialAction\":[{\"@type\":\"SearchAction\",\"target\":{\"@type\":\"EntryPoint\",\"urlTemplate\":\"https:\\\/\\\/www.brasserie-dupont.com\\\/en\\\/?s={search_term_string}\"},\"query-input\":{\"@type\":\"PropertyValueSpecification\",\"valueRequired\":true,\"valueName\":\"search_term_string\"}}],\"inLanguage\":\"en-US\"},{\"@type\":\"Organization\",\"@id\":\"https:\\\/\\\/www.brasserie-dupont.com\\\/en\\\/#organization\",\"name\":\"Brasserie Dupont\",\"url\":\"https:\\\/\\\/www.brasserie-dupont.com\\\/en\\\/\",\"logo\":{\"@type\":\"ImageObject\",\"inLanguage\":\"en-US\",\"@id\":\"https:\\\/\\\/www.brasserie-dupont.com\\\/en\\\/#\\\/schema\\\/logo\\\/image\\\/\",\"url\":\"https:\\\/\\\/www.brasserie-dupont.com\\\/wp-content\\\/uploads\\\/2024\\\/10\\\/DUP_Blason_NEW_2021-CMYK-FOGRA39.png\",\"contentUrl\":\"https:\\\/\\\/www.brasserie-dupont.com\\\/wp-content\\\/uploads\\\/2024\\\/10\\\/DUP_Blason_NEW_2021-CMYK-FOGRA39.png\",\"width\":200,\"height\":238,\"caption\":\"Brasserie Dupont\"},\"image\":{\"@id\":\"https:\\\/\\\/www.brasserie-dupont.com\\\/en\\\/#\\\/schema\\\/logo\\\/image\\\/\"},\"sameAs\":[\"https:\\\/\\\/www.facebook.com\\\/brasseriedupont.srl\",\"https:\\\/\\\/www.instagram.com\\\/brasseriedupont\\\/?hl=fr\"],\"description\":\"La Brasserie Dupont, r\u00e9f\u00e9rence mondiale du style Saison, produit des bi\u00e8res artisanales belges authentiques, brass\u00e9es avec passion et savoir-faire traditionnel.\",\"email\":\"contact@brasserie-dupont.com\",\"legalName\":\"Brasserie Dupont SRL\"}]}<\/script>\n<!-- \/ Yoast SEO Premium plugin. -->","yoast_head_json":{"title":"Brasserie Dupont - Belgian craft brewery, Home of Saison","description":"Discover Brasserie Dupont, a Belgian craft brewery. World reference in Saison style for over a hundred years.","robots":{"index":"index","follow":"follow","max-snippet":"max-snippet:-1","max-image-preview":"max-image-preview:large","max-video-preview":"max-video-preview:-1"},"canonical":"https:\/\/www.brasserie-dupont.com\/en\/","og_locale":"en_US","og_type":"article","og_title":"Home","og_description":"Discover Brasserie Dupont, a Belgian craft brewery. World reference in Saison style for over a hundred years.","og_url":"https:\/\/www.brasserie-dupont.com\/en\/","og_site_name":"Brasserie Dupont","article_publisher":"https:\/\/www.facebook.com\/brasseriedupont.srl","article_modified_time":"2026-03-16T12:14:33+00:00","og_image":[{"width":1200,"height":675,"url":"https:\/\/www.brasserie-dupont.com\/wp-content\/uploads\/2025\/08\/article_default.jpg","type":"image\/jpeg"}],"twitter_card":"summary_large_image","twitter_misc":{"Est. reading time":"9 minutes"},"schema":{"@context":"https:\/\/schema.org","@graph":[{"@type":"WebPage","@id":"https:\/\/www.brasserie-dupont.com\/en\/","url":"https:\/\/www.brasserie-dupont.com\/en\/","name":"Brasserie Dupont - Belgian craft brewery, Home of Saison","isPartOf":{"@id":"https:\/\/www.brasserie-dupont.com\/en\/#website"},"datePublished":"2024-10-17T08:10:42+00:00","dateModified":"2026-03-16T12:14:33+00:00","description":"Discover Brasserie Dupont, a Belgian craft brewery. World reference in Saison style for over a hundred years.","breadcrumb":{"@id":"https:\/\/www.brasserie-dupont.com\/en\/#breadcrumb"},"inLanguage":"en-US","potentialAction":[{"@type":"ReadAction","target":["https:\/\/www.brasserie-dupont.com\/en\/"]}]},{"@type":"BreadcrumbList","@id":"https:\/\/www.brasserie-dupont.com\/en\/#breadcrumb","itemListElement":[{"@type":"ListItem","position":1,"name":"Home","item":"https:\/\/www.brasserie-dupont.com\/en\/"},{"@type":"ListItem","position":2,"name":"Home"}]},{"@type":"WebSite","@id":"https:\/\/www.brasserie-dupont.com\/en\/#website","url":"https:\/\/www.brasserie-dupont.com\/en\/","name":"Brasserie Dupont","description":"","publisher":{"@id":"https:\/\/www.brasserie-dupont.com\/en\/#organization"},"potentialAction":[{"@type":"SearchAction","target":{"@type":"EntryPoint","urlTemplate":"https:\/\/www.brasserie-dupont.com\/en\/?s={search_term_string}"},"query-input":{"@type":"PropertyValueSpecification","valueRequired":true,"valueName":"search_term_string"}}],"inLanguage":"en-US"},{"@type":"Organization","@id":"https:\/\/www.brasserie-dupont.com\/en\/#organization","name":"Brasserie Dupont","url":"https:\/\/www.brasserie-dupont.com\/en\/","logo":{"@type":"ImageObject","inLanguage":"en-US","@id":"https:\/\/www.brasserie-dupont.com\/en\/#\/schema\/logo\/image\/","url":"https:\/\/www.brasserie-dupont.com\/wp-content\/uploads\/2024\/10\/DUP_Blason_NEW_2021-CMYK-FOGRA39.png","contentUrl":"https:\/\/www.brasserie-dupont.com\/wp-content\/uploads\/2024\/10\/DUP_Blason_NEW_2021-CMYK-FOGRA39.png","width":200,"height":238,"caption":"Brasserie Dupont"},"image":{"@id":"https:\/\/www.brasserie-dupont.com\/en\/#\/schema\/logo\/image\/"},"sameAs":["https:\/\/www.facebook.com\/brasseriedupont.srl","https:\/\/www.instagram.com\/brasseriedupont\/?hl=fr"],"description":"La Brasserie Dupont, r\u00e9f\u00e9rence mondiale du style Saison, produit des bi\u00e8res artisanales belges authentiques, brass\u00e9es avec passion et savoir-faire traditionnel.","email":"contact@brasserie-dupont.com","legalName":"Brasserie Dupont SRL"}]}},"_links":{"self":[{"href":"https:\/\/www.brasserie-dupont.com\/en\/wp-json\/wp\/v2\/pages\/1495","targetHints":{"allow":["GET"]}}],"collection":[{"href":"https:\/\/www.brasserie-dupont.com\/en\/wp-json\/wp\/v2\/pages"}],"about":[{"href":"https:\/\/www.brasserie-dupont.com\/en\/wp-json\/wp\/v2\/types\/page"}],"author":[{"embeddable":true,"href":"https:\/\/www.brasserie-dupont.com\/en\/wp-json\/wp\/v2\/users\/1"}],"replies":[{"embeddable":true,"href":"https:\/\/www.brasserie-dupont.com\/en\/wp-json\/wp\/v2\/comments?post=1495"}],"version-history":[{"count":11,"href":"https:\/\/www.brasserie-dupont.com\/en\/wp-json\/wp\/v2\/pages\/1495\/revisions"}],"predecessor-version":[{"id":2986,"href":"https:\/\/www.brasserie-dupont.com\/en\/wp-json\/wp\/v2\/pages\/1495\/revisions\/2986"}],"wp:attachment":[{"href":"https:\/\/www.brasserie-dupont.com\/en\/wp-json\/wp\/v2\/media?parent=1495"}],"curies":[{"name":"wp","href":"https:\/\/api.w.org\/{rel}","templated":true}]}}