{"id":1564,"date":"2025-01-20T16:03:20","date_gmt":"2025-01-20T15:03:20","guid":{"rendered":"https:\/\/preprod.wp.dupont.wavenet-test.be\/partnership\/"},"modified":"2025-05-19T11:29:49","modified_gmt":"2025-05-19T09:29:49","slug":"partnership","status":"publish","type":"page","link":"https:\/\/www.brasserie-dupont.com\/en\/partnership\/","title":{"rendered":"Partnership"},"content":{"rendered":"<p>[et_pb_section fb_built=&#8221;1&#8243; admin_label=&#8221;Contact Info&#8221; _builder_version=&#8221;4.27.4&#8243; _module_preset=&#8221;a2c06e95-448f-4922-a8e9-da0a70747fa4&#8243; background_color=&#8221;#F6F3EF&#8221; locked=&#8221;off&#8221; global_colors_info=&#8221;{%22gcid-1f1bf5fb-a99d-4acc-8d9e-ddac074c158c%22:%91%22background_color_gradient_stops%22,%22background_color_gradient_stops%22%93,%22gcid-a78660e1-cfc7-4771-a566-6834d6a7f06a%22:%91%22background_color_gradient_stops%22,%22background_color_gradient_stops%22%93,%22gcid-24b0db87-dafa-47d9-995f-b90181e18c52%22:%91%22background_color_gradient_stops%22,%22background_color_gradient_stops%22%93}&#8221;][et_pb_row _builder_version=&#8221;4.27.4&#8243; _module_preset=&#8221;default&#8221; global_colors_info=&#8221;{}&#8221;][et_pb_column type=&#8221;4_4&#8243; _builder_version=&#8221;4.25.2&#8243; _module_preset=&#8221;fa65d129-5ea3-4c95-8789-b1a65649a4a8&#8243; custom_padding=&#8221;60px|60px|60px|60px|true|true&#8221; global_colors_info=&#8221;{}&#8221;][et_pb_heading title=&#8221;Partnership request&#8221; _builder_version=&#8221;4.27.4&#8243; _module_preset=&#8221;b39c4bdf-a7b6-4ac9-89f7-683bbcbed337&#8243; title_font=&#8221;Bebas Neue||||||||&#8221; title_text_align=&#8221;center&#8221; locked=&#8221;off&#8221; global_colors_info=&#8221;{}&#8221;][\/et_pb_heading][et_pb_contact_form use_spam_service=&#8221;on&#8221; recaptcha_list=&#8221;Brasserie Dupont|Brasserie Dupont-0&#8243; email=&#8221;sponsor@brasserie-dupont.com&#8221; custom_message=&#8221;Nouvelle demande de partenariat!||et_pb_line_break_holder||Nom: %%Name%%||et_pb_line_break_holder||Pr\u00e9nom:%%Surname%%||et_pb_line_break_holder||T\u00e9l\u00e9phone:%%Phone%%||et_pb_line_break_holder||Mail:%%Email%%||et_pb_line_break_holder||Type d&#039;entit\u00e9: %%type%%||et_pb_line_break_holder||Nom de l&#039;entit\u00e9: %%name-entity%%||et_pb_line_break_holder||Travaille d\u00e9j\u00e0 avec nos produits: %%Produits%%||et_pb_line_break_holder||Si oui, via quel fournisseur: %%endroit%%||et_pb_line_break_holder||Message: %%Message%%&#8221; success_message=&#8221;Your partnership request has been received! THANKS!&#8221; submit_button_text=&#8221;Send&#8221; _builder_version=&#8221;4.27.4&#8243; _module_preset=&#8221;3949442c-4d68-4b67-ac1e-f30cd27b1452&#8243; _unique_id=&#8221;085034b6-2c25-4672-b780-7a967f5e575a&#8221; button_bg_color=&#8221;#BE1622&#8243; hover_enabled=&#8221;0&#8243; global_colors_info=&#8221;{%22gcid-1f1b4e15-7cc6-4e13-8154-74d77a956460%22:%91%22link_text_color%22,%22quote_text_color%22,%22quote_border_color%22%93,%22gcid-a78660e1-cfc7-4771-a566-6834d6a7f06a%22:%91%22form_field_background_color%22%93,%22gcid-d7cd5a78-aaef-4f36-82a3-4d3706015cba%22:%91%22link_text_color%22%93,%22gcid-24b0db87-dafa-47d9-995f-b90181e18c52%22:%91%22border_color_all%22%93}&#8221; sticky_enabled=&#8221;0&#8243;][et_pb_contact_field field_id=&#8221;Name&#8221; field_title=&#8221;Name&#8221; min_length=&#8221;3&#8243; max_length=&#8221;25&#8243; allowed_symbols=&#8221;letters&#8221; _builder_version=&#8221;4.27.4&#8243; _module_preset=&#8221;default&#8221; global_colors_info=&#8221;{}&#8221; button_text_size__hover_enabled=&#8221;off&#8221; button_one_text_size__hover_enabled=&#8221;off&#8221; button_two_text_size__hover_enabled=&#8221;off&#8221; button_text_color__hover_enabled=&#8221;off&#8221; button_one_text_color__hover_enabled=&#8221;off&#8221; button_two_text_color__hover_enabled=&#8221;off&#8221; button_border_width__hover_enabled=&#8221;off&#8221; button_one_border_width__hover_enabled=&#8221;off&#8221; button_two_border_width__hover_enabled=&#8221;off&#8221; button_border_color__hover_enabled=&#8221;off&#8221; button_one_border_color__hover_enabled=&#8221;off&#8221; button_two_border_color__hover_enabled=&#8221;off&#8221; button_border_radius__hover_enabled=&#8221;off&#8221; button_one_border_radius__hover_enabled=&#8221;off&#8221; button_two_border_radius__hover_enabled=&#8221;off&#8221; button_letter_spacing__hover_enabled=&#8221;off&#8221; button_one_letter_spacing__hover_enabled=&#8221;off&#8221; button_two_letter_spacing__hover_enabled=&#8221;off&#8221; button_bg_color__hover_enabled=&#8221;off&#8221; button_one_bg_color__hover_enabled=&#8221;off&#8221; button_two_bg_color__hover_enabled=&#8221;off&#8221;][\/et_pb_contact_field][et_pb_contact_field field_id=&#8221;Surname&#8221; field_title=&#8221;Surname&#8221; max_length=&#8221;25&#8243; allowed_symbols=&#8221;letters&#8221; _builder_version=&#8221;4.27.4&#8243; _module_preset=&#8221;default&#8221; global_colors_info=&#8221;{}&#8221; button_text_size__hover_enabled=&#8221;off&#8221; button_one_text_size__hover_enabled=&#8221;off&#8221; button_two_text_size__hover_enabled=&#8221;off&#8221; button_text_color__hover_enabled=&#8221;off&#8221; button_one_text_color__hover_enabled=&#8221;off&#8221; button_two_text_color__hover_enabled=&#8221;off&#8221; button_border_width__hover_enabled=&#8221;off&#8221; button_one_border_width__hover_enabled=&#8221;off&#8221; button_two_border_width__hover_enabled=&#8221;off&#8221; button_border_color__hover_enabled=&#8221;off&#8221; button_one_border_color__hover_enabled=&#8221;off&#8221; button_two_border_color__hover_enabled=&#8221;off&#8221; button_border_radius__hover_enabled=&#8221;off&#8221; button_one_border_radius__hover_enabled=&#8221;off&#8221; button_two_border_radius__hover_enabled=&#8221;off&#8221; button_letter_spacing__hover_enabled=&#8221;off&#8221; button_one_letter_spacing__hover_enabled=&#8221;off&#8221; button_two_letter_spacing__hover_enabled=&#8221;off&#8221; button_bg_color__hover_enabled=&#8221;off&#8221; button_one_bg_color__hover_enabled=&#8221;off&#8221; button_two_bg_color__hover_enabled=&#8221;off&#8221;][\/et_pb_contact_field][et_pb_contact_field field_id=&#8221;Phone&#8221; field_title=&#8221;Phone&#8221; min_length=&#8221;8&#8243; max_length=&#8221;15&#8243; allowed_symbols=&#8221;numbers&#8221; _builder_version=&#8221;4.27.4&#8243; _module_preset=&#8221;default&#8221; global_colors_info=&#8221;{}&#8221; button_text_size__hover_enabled=&#8221;off&#8221; button_one_text_size__hover_enabled=&#8221;off&#8221; button_two_text_size__hover_enabled=&#8221;off&#8221; button_text_color__hover_enabled=&#8221;off&#8221; button_one_text_color__hover_enabled=&#8221;off&#8221; button_two_text_color__hover_enabled=&#8221;off&#8221; button_border_width__hover_enabled=&#8221;off&#8221; button_one_border_width__hover_enabled=&#8221;off&#8221; button_two_border_width__hover_enabled=&#8221;off&#8221; button_border_color__hover_enabled=&#8221;off&#8221; button_one_border_color__hover_enabled=&#8221;off&#8221; button_two_border_color__hover_enabled=&#8221;off&#8221; button_border_radius__hover_enabled=&#8221;off&#8221; button_one_border_radius__hover_enabled=&#8221;off&#8221; button_two_border_radius__hover_enabled=&#8221;off&#8221; button_letter_spacing__hover_enabled=&#8221;off&#8221; button_one_letter_spacing__hover_enabled=&#8221;off&#8221; button_two_letter_spacing__hover_enabled=&#8221;off&#8221; button_bg_color__hover_enabled=&#8221;off&#8221; button_one_bg_color__hover_enabled=&#8221;off&#8221; button_two_bg_color__hover_enabled=&#8221;off&#8221;][\/et_pb_contact_field][et_pb_contact_field field_id=&#8221;Email&#8221; field_title=&#8221;Email &#8221; field_type=&#8221;email&#8221; _builder_version=&#8221;4.27.4&#8243; _module_preset=&#8221;default&#8221; global_colors_info=&#8221;{}&#8221; button_text_size__hover_enabled=&#8221;off&#8221; button_one_text_size__hover_enabled=&#8221;off&#8221; button_two_text_size__hover_enabled=&#8221;off&#8221; button_text_color__hover_enabled=&#8221;off&#8221; button_one_text_color__hover_enabled=&#8221;off&#8221; button_two_text_color__hover_enabled=&#8221;off&#8221; button_border_width__hover_enabled=&#8221;off&#8221; button_one_border_width__hover_enabled=&#8221;off&#8221; button_two_border_width__hover_enabled=&#8221;off&#8221; button_border_color__hover_enabled=&#8221;off&#8221; button_one_border_color__hover_enabled=&#8221;off&#8221; button_two_border_color__hover_enabled=&#8221;off&#8221; button_border_radius__hover_enabled=&#8221;off&#8221; button_one_border_radius__hover_enabled=&#8221;off&#8221; button_two_border_radius__hover_enabled=&#8221;off&#8221; button_letter_spacing__hover_enabled=&#8221;off&#8221; button_one_letter_spacing__hover_enabled=&#8221;off&#8221; button_two_letter_spacing__hover_enabled=&#8221;off&#8221; button_bg_color__hover_enabled=&#8221;off&#8221; button_one_bg_color__hover_enabled=&#8221;off&#8221; button_two_bg_color__hover_enabled=&#8221;off&#8221;][\/et_pb_contact_field][et_pb_contact_field field_id=&#8221;type&#8221; field_title=&#8221;Type of organisation&#8221; field_type=&#8221;select&#8221; select_options=&#8221;%91{%22value%22:%22Sport club%22,%22checked%22:0,%22dragID%22:-1},{%22value%22:%22Association%22,%22checked%22:0,%22dragID%22:0},{%22value%22:%22Individual%22,%22checked%22:0,%22dragID%22:1},{%22value%22:%22Other%22,%22checked%22:0,%22dragID%22:2}%93&#8243; _builder_version=&#8221;4.27.4&#8243; _module_preset=&#8221;default&#8221; global_colors_info=&#8221;{}&#8221;][\/et_pb_contact_field][et_pb_contact_field field_id=&#8221;name-entity&#8221; field_title=&#8221;name of organisation&#8221; max_length=&#8221;30&#8243; _builder_version=&#8221;4.27.4&#8243; _module_preset=&#8221;default&#8221; global_colors_info=&#8221;{}&#8221;][\/et_pb_contact_field][et_pb_contact_field field_id=&#8221;Produits&#8221; field_title=&#8221;Do you already work with our products?&#8221; field_type=&#8221;select&#8221; select_options=&#8221;%91{%22value%22:%22Yes%22,%22checked%22:0,%22dragID%22:-1},{%22value%22:%22Not yet%22,%22checked%22:0,%22dragID%22:0}%93&#8243; _builder_version=&#8221;4.27.4&#8243; _module_preset=&#8221;default&#8221; global_colors_info=&#8221;{}&#8221;][\/et_pb_contact_field][et_pb_contact_field field_id=&#8221;endroit&#8221; field_title=&#8221;If so, where do you buy our beers from?&#8221; required_mark=&#8221;off&#8221; _builder_version=&#8221;4.27.4&#8243; _module_preset=&#8221;default&#8221; global_colors_info=&#8221;{}&#8221;][\/et_pb_contact_field][et_pb_contact_field field_id=&#8221;Message&#8221; field_title=&#8221;Message&#8221; field_type=&#8221;text&#8221; fullwidth_field=&#8221;on&#8221; _builder_version=&#8221;4.27.4&#8243; _module_preset=&#8221;default&#8221; global_colors_info=&#8221;{}&#8221; button_text_size__hover_enabled=&#8221;off&#8221; button_one_text_size__hover_enabled=&#8221;off&#8221; button_two_text_size__hover_enabled=&#8221;off&#8221; button_text_color__hover_enabled=&#8221;off&#8221; button_one_text_color__hover_enabled=&#8221;off&#8221; button_two_text_color__hover_enabled=&#8221;off&#8221; button_border_width__hover_enabled=&#8221;off&#8221; button_one_border_width__hover_enabled=&#8221;off&#8221; button_two_border_width__hover_enabled=&#8221;off&#8221; button_border_color__hover_enabled=&#8221;off&#8221; button_one_border_color__hover_enabled=&#8221;off&#8221; button_two_border_color__hover_enabled=&#8221;off&#8221; button_border_radius__hover_enabled=&#8221;off&#8221; button_one_border_radius__hover_enabled=&#8221;off&#8221; button_two_border_radius__hover_enabled=&#8221;off&#8221; button_letter_spacing__hover_enabled=&#8221;off&#8221; button_one_letter_spacing__hover_enabled=&#8221;off&#8221; button_two_letter_spacing__hover_enabled=&#8221;off&#8221; button_bg_color__hover_enabled=&#8221;off&#8221; button_one_bg_color__hover_enabled=&#8221;off&#8221; button_two_bg_color__hover_enabled=&#8221;off&#8221;][\/et_pb_contact_field][\/et_pb_contact_form][\/et_pb_column][\/et_pb_row][\/et_pb_section]<\/p>\n","protected":false},"excerpt":{"rendered":"","protected":false},"author":1,"featured_media":0,"parent":0,"menu_order":0,"comment_status":"closed","ping_status":"closed","template":"","meta":{"_et_pb_use_builder":"on","_et_pb_old_content":"","_et_gb_content_width":"","footnotes":""},"class_list":["post-1564","page","type-page","status-publish","hentry"],"yoast_head":"<!-- This site is optimized with the Yoast SEO Premium plugin v27.5 (Yoast SEO v27.5) - https:\/\/yoast.com\/product\/yoast-seo-premium-wordpress\/ -->\n<title>Partnership - Brasserie Dupont<\/title>\n<meta name=\"description\" content=\"%\" \/>\n<meta name=\"robots\" content=\"index, follow, max-snippet:-1, max-image-preview:large, max-video-preview:-1\" \/>\n<link rel=\"canonical\" href=\"https:\/\/www.brasserie-dupont.com\/en\/partnership\/\" \/>\n<meta property=\"og:locale\" content=\"en_US\" \/>\n<meta property=\"og:type\" content=\"article\" \/>\n<meta property=\"og:title\" content=\"Partnership\" \/>\n<meta property=\"og:description\" content=\"%\" \/>\n<meta property=\"og:url\" content=\"https:\/\/www.brasserie-dupont.com\/en\/partnership\/\" \/>\n<meta property=\"og:site_name\" content=\"Brasserie Dupont\" \/>\n<meta property=\"article:publisher\" content=\"https:\/\/www.facebook.com\/brasseriedupont.srl\" \/>\n<meta property=\"article:modified_time\" content=\"2025-05-19T09:29:49+00:00\" \/>\n<meta property=\"og:image\" content=\"https:\/\/www.brasserie-dupont.com\/wp-content\/uploads\/2025\/08\/article_default.jpg\" \/>\n\t<meta property=\"og:image:width\" content=\"1200\" \/>\n\t<meta property=\"og:image:height\" content=\"675\" \/>\n\t<meta property=\"og:image:type\" content=\"image\/jpeg\" \/>\n<meta name=\"twitter:card\" content=\"summary_large_image\" \/>\n<meta name=\"twitter:label1\" content=\"Est. reading time\" \/>\n\t<meta name=\"twitter:data1\" content=\"7 minutes\" \/>\n<script type=\"application\/ld+json\" class=\"yoast-schema-graph\">{\"@context\":\"https:\\\/\\\/schema.org\",\"@graph\":[{\"@type\":\"WebPage\",\"@id\":\"https:\\\/\\\/www.brasserie-dupont.com\\\/en\\\/partnership\\\/\",\"url\":\"https:\\\/\\\/www.brasserie-dupont.com\\\/en\\\/partnership\\\/\",\"name\":\"Partnership - Brasserie Dupont\",\"isPartOf\":{\"@id\":\"https:\\\/\\\/www.brasserie-dupont.com\\\/en\\\/#website\"},\"datePublished\":\"2025-01-20T15:03:20+00:00\",\"dateModified\":\"2025-05-19T09:29:49+00:00\",\"description\":\"%\",\"breadcrumb\":{\"@id\":\"https:\\\/\\\/www.brasserie-dupont.com\\\/en\\\/partnership\\\/#breadcrumb\"},\"inLanguage\":\"en-US\",\"potentialAction\":[{\"@type\":\"ReadAction\",\"target\":[\"https:\\\/\\\/www.brasserie-dupont.com\\\/en\\\/partnership\\\/\"]}]},{\"@type\":\"BreadcrumbList\",\"@id\":\"https:\\\/\\\/www.brasserie-dupont.com\\\/en\\\/partnership\\\/#breadcrumb\",\"itemListElement\":[{\"@type\":\"ListItem\",\"position\":1,\"name\":\"Home\",\"item\":\"https:\\\/\\\/www.brasserie-dupont.com\\\/en\\\/\"},{\"@type\":\"ListItem\",\"position\":2,\"name\":\"Partnership\"}]},{\"@type\":\"WebSite\",\"@id\":\"https:\\\/\\\/www.brasserie-dupont.com\\\/en\\\/#website\",\"url\":\"https:\\\/\\\/www.brasserie-dupont.com\\\/en\\\/\",\"name\":\"Brasserie Dupont\",\"description\":\"\",\"publisher\":{\"@id\":\"https:\\\/\\\/www.brasserie-dupont.com\\\/en\\\/#organization\"},\"potentialAction\":[{\"@type\":\"SearchAction\",\"target\":{\"@type\":\"EntryPoint\",\"urlTemplate\":\"https:\\\/\\\/www.brasserie-dupont.com\\\/en\\\/?s={search_term_string}\"},\"query-input\":{\"@type\":\"PropertyValueSpecification\",\"valueRequired\":true,\"valueName\":\"search_term_string\"}}],\"inLanguage\":\"en-US\"},{\"@type\":\"Organization\",\"@id\":\"https:\\\/\\\/www.brasserie-dupont.com\\\/en\\\/#organization\",\"name\":\"Brasserie Dupont\",\"url\":\"https:\\\/\\\/www.brasserie-dupont.com\\\/en\\\/\",\"logo\":{\"@type\":\"ImageObject\",\"inLanguage\":\"en-US\",\"@id\":\"https:\\\/\\\/www.brasserie-dupont.com\\\/en\\\/#\\\/schema\\\/logo\\\/image\\\/\",\"url\":\"https:\\\/\\\/www.brasserie-dupont.com\\\/wp-content\\\/uploads\\\/2024\\\/10\\\/DUP_Blason_NEW_2021-CMYK-FOGRA39.png\",\"contentUrl\":\"https:\\\/\\\/www.brasserie-dupont.com\\\/wp-content\\\/uploads\\\/2024\\\/10\\\/DUP_Blason_NEW_2021-CMYK-FOGRA39.png\",\"width\":200,\"height\":238,\"caption\":\"Brasserie Dupont\"},\"image\":{\"@id\":\"https:\\\/\\\/www.brasserie-dupont.com\\\/en\\\/#\\\/schema\\\/logo\\\/image\\\/\"},\"sameAs\":[\"https:\\\/\\\/www.facebook.com\\\/brasseriedupont.srl\",\"https:\\\/\\\/www.instagram.com\\\/brasseriedupont\\\/?hl=fr\"],\"description\":\"La Brasserie Dupont, r\u00e9f\u00e9rence mondiale du style Saison, produit des bi\u00e8res artisanales belges authentiques, brass\u00e9es avec passion et savoir-faire traditionnel.\",\"email\":\"contact@brasserie-dupont.com\",\"legalName\":\"Brasserie Dupont SRL\"}]}<\/script>\n<!-- \/ Yoast SEO Premium plugin. -->","yoast_head_json":{"title":"Partnership - Brasserie Dupont","description":"%","robots":{"index":"index","follow":"follow","max-snippet":"max-snippet:-1","max-image-preview":"max-image-preview:large","max-video-preview":"max-video-preview:-1"},"canonical":"https:\/\/www.brasserie-dupont.com\/en\/partnership\/","og_locale":"en_US","og_type":"article","og_title":"Partnership","og_description":"%","og_url":"https:\/\/www.brasserie-dupont.com\/en\/partnership\/","og_site_name":"Brasserie Dupont","article_publisher":"https:\/\/www.facebook.com\/brasseriedupont.srl","article_modified_time":"2025-05-19T09:29:49+00:00","og_image":[{"width":1200,"height":675,"url":"https:\/\/www.brasserie-dupont.com\/wp-content\/uploads\/2025\/08\/article_default.jpg","type":"image\/jpeg"}],"twitter_card":"summary_large_image","twitter_misc":{"Est. reading time":"7 minutes"},"schema":{"@context":"https:\/\/schema.org","@graph":[{"@type":"WebPage","@id":"https:\/\/www.brasserie-dupont.com\/en\/partnership\/","url":"https:\/\/www.brasserie-dupont.com\/en\/partnership\/","name":"Partnership - Brasserie Dupont","isPartOf":{"@id":"https:\/\/www.brasserie-dupont.com\/en\/#website"},"datePublished":"2025-01-20T15:03:20+00:00","dateModified":"2025-05-19T09:29:49+00:00","description":"%","breadcrumb":{"@id":"https:\/\/www.brasserie-dupont.com\/en\/partnership\/#breadcrumb"},"inLanguage":"en-US","potentialAction":[{"@type":"ReadAction","target":["https:\/\/www.brasserie-dupont.com\/en\/partnership\/"]}]},{"@type":"BreadcrumbList","@id":"https:\/\/www.brasserie-dupont.com\/en\/partnership\/#breadcrumb","itemListElement":[{"@type":"ListItem","position":1,"name":"Home","item":"https:\/\/www.brasserie-dupont.com\/en\/"},{"@type":"ListItem","position":2,"name":"Partnership"}]},{"@type":"WebSite","@id":"https:\/\/www.brasserie-dupont.com\/en\/#website","url":"https:\/\/www.brasserie-dupont.com\/en\/","name":"Brasserie Dupont","description":"","publisher":{"@id":"https:\/\/www.brasserie-dupont.com\/en\/#organization"},"potentialAction":[{"@type":"SearchAction","target":{"@type":"EntryPoint","urlTemplate":"https:\/\/www.brasserie-dupont.com\/en\/?s={search_term_string}"},"query-input":{"@type":"PropertyValueSpecification","valueRequired":true,"valueName":"search_term_string"}}],"inLanguage":"en-US"},{"@type":"Organization","@id":"https:\/\/www.brasserie-dupont.com\/en\/#organization","name":"Brasserie Dupont","url":"https:\/\/www.brasserie-dupont.com\/en\/","logo":{"@type":"ImageObject","inLanguage":"en-US","@id":"https:\/\/www.brasserie-dupont.com\/en\/#\/schema\/logo\/image\/","url":"https:\/\/www.brasserie-dupont.com\/wp-content\/uploads\/2024\/10\/DUP_Blason_NEW_2021-CMYK-FOGRA39.png","contentUrl":"https:\/\/www.brasserie-dupont.com\/wp-content\/uploads\/2024\/10\/DUP_Blason_NEW_2021-CMYK-FOGRA39.png","width":200,"height":238,"caption":"Brasserie Dupont"},"image":{"@id":"https:\/\/www.brasserie-dupont.com\/en\/#\/schema\/logo\/image\/"},"sameAs":["https:\/\/www.facebook.com\/brasseriedupont.srl","https:\/\/www.instagram.com\/brasseriedupont\/?hl=fr"],"description":"La Brasserie Dupont, r\u00e9f\u00e9rence mondiale du style Saison, produit des bi\u00e8res artisanales belges authentiques, brass\u00e9es avec passion et savoir-faire traditionnel.","email":"contact@brasserie-dupont.com","legalName":"Brasserie Dupont SRL"}]}},"_links":{"self":[{"href":"https:\/\/www.brasserie-dupont.com\/en\/wp-json\/wp\/v2\/pages\/1564","targetHints":{"allow":["GET"]}}],"collection":[{"href":"https:\/\/www.brasserie-dupont.com\/en\/wp-json\/wp\/v2\/pages"}],"about":[{"href":"https:\/\/www.brasserie-dupont.com\/en\/wp-json\/wp\/v2\/types\/page"}],"author":[{"embeddable":true,"href":"https:\/\/www.brasserie-dupont.com\/en\/wp-json\/wp\/v2\/users\/1"}],"replies":[{"embeddable":true,"href":"https:\/\/www.brasserie-dupont.com\/en\/wp-json\/wp\/v2\/comments?post=1564"}],"version-history":[{"count":6,"href":"https:\/\/www.brasserie-dupont.com\/en\/wp-json\/wp\/v2\/pages\/1564\/revisions"}],"predecessor-version":[{"id":1997,"href":"https:\/\/www.brasserie-dupont.com\/en\/wp-json\/wp\/v2\/pages\/1564\/revisions\/1997"}],"wp:attachment":[{"href":"https:\/\/www.brasserie-dupont.com\/en\/wp-json\/wp\/v2\/media?parent=1564"}],"curies":[{"name":"wp","href":"https:\/\/api.w.org\/{rel}","templated":true}]}}