{"id":1575,"date":"2025-01-21T16:07:13","date_gmt":"2025-01-21T15:07:13","guid":{"rendered":"https:\/\/preprod.wp.dupont.wavenet-test.be\/downloads\/"},"modified":"2025-11-10T13:55:22","modified_gmt":"2025-11-10T12:55:22","slug":"downloads","status":"publish","type":"page","link":"https:\/\/www.brasserie-dupont.com\/en\/downloads\/","title":{"rendered":"Downloads"},"content":{"rendered":"<p>[et_pb_section fb_built=&#8221;1&#8243; admin_label=&#8221;Header&#8221; _builder_version=&#8221;4.27.4&#8243; _module_preset=&#8221;default&#8221; background_enable_color=&#8221;off&#8221; background_image=&#8221;https:\/\/www.brasserie-dupont.com\/wp-content\/uploads\/2025\/01\/renewable-energy-5.jpg&#8221; custom_padding=&#8221;7vw||||false|false&#8221; collapsed=&#8221;off&#8221; global_colors_info=&#8221;{}&#8221;][et_pb_row _builder_version=&#8221;4.27.4&#8243; _module_preset=&#8221;default&#8221; max_width=&#8221;900px&#8221; global_colors_info=&#8221;{}&#8221;][et_pb_column type=&#8221;4_4&#8243; _builder_version=&#8221;4.27.4&#8243; _module_preset=&#8221;default&#8221; global_colors_info=&#8221;{}&#8221;][et_pb_text _builder_version=&#8221;4.27.4&#8243; _module_preset=&#8221;c16985e1-e0d6-4022-964d-e2bfc04fa633&#8243; header_font=&#8221;Bebas Neue||||||||&#8221; header_text_color=&#8221;#000000&#8243; header_font_size=&#8221;75px&#8221; header_line_height=&#8221;1.2em&#8221; text_orientation=&#8221;center&#8221; header_font_size_tablet=&#8221;40px&#8221; header_font_size_phone=&#8221;24px&#8221; header_font_size_last_edited=&#8221;on|desktop&#8221; global_colors_info=&#8221;{}&#8221;]<\/p>\n<h1>Download zone<\/h1>\n<p>[\/et_pb_text][\/et_pb_column][\/et_pb_row][\/et_pb_section][et_pb_section fb_built=&#8221;1&#8243; _builder_version=&#8221;4.27.4&#8243; _module_preset=&#8221;default&#8221; global_colors_info=&#8221;{}&#8221;][et_pb_row _builder_version=&#8221;4.27.4&#8243; _module_preset=&#8221;default&#8221; global_colors_info=&#8221;{}&#8221;][et_pb_column type=&#8221;4_4&#8243; _builder_version=&#8221;4.27.4&#8243; _module_preset=&#8221;default&#8221; global_colors_info=&#8221;{}&#8221;][dsm_advanced_tabs dsm_tabs_layout=&#8221;vertical&#8221; dsm_show_arrow=&#8221;off&#8221; dsm_inner_content_animation=&#8221;fadeInUp&#8221; dsm_tabs_image_icon_placement=&#8221;left&#8221; dsm_tabs_vertical_alignment=&#8221;top&#8221; dsm_tabs_gap=&#8221;0px&#8221; dsm_tabs_bg_color=&#8221;#F6F3EF&#8221; dsm_tabs_active_bg_color=&#8221;#BE1622&#8243; dsm_tabs_text_color=&#8221;#000000&#8243; dsm_tabs_active_text_color=&#8221;#FFFFFF&#8221; dsm_tabs_subtitle_color=&#8221;RGBA(255,255,255,0)&#8221; dsm_tabs_image_width=&#8221;33px&#8221; dsm_tabs_icon_size=&#8221;23px&#8221; dsm_tabs_active_icon_color=&#8221;#FFFFFF&#8221; dsm_content_bg_color=&#8221;#F6F3EF&#8221; dsm_tabs_image_icon_margin=&#8221;|12px|||false|false&#8221; dsm_tabs_wrapper_width=&#8221;24%&#8221; dsm_tabs_wrapper_margin=&#8221;0px|21px|0px|0px|false|false&#8221; dsm_tabs_wrapper_padding=&#8221;21px|20px|21px|20px|true|true&#8221; dsm_tabs_wrapper_bg_color=&#8221;#F6F3EF&#8221; dsm_tabs_wrapper_alignment=&#8221;left&#8221; dsm_content_image_icon_alignment=&#8221;start&#8221; dsm_content_icon_size=&#8221;53px&#8221; _builder_version=&#8221;4.27.4&#8243; _module_preset=&#8221;default&#8221; tab_title_font=&#8221;Bebas Neue||||||||&#8221; tab_title_text_align=&#8221;left&#8221; tab_title_font_size=&#8221;19px&#8221; tab_title_line_height=&#8221;1.9em&#8221; content_title_font_size=&#8221;26px&#8221; image_icon_custom_margin=&#8221;||20px||false|false&#8221; hover_enabled=&#8221;0&#8243; border_radii_dsm_tabs_border=&#8221;on|43px|43px|43px|43px&#8221; border_radii_dsm_tabs_wrapper_border=&#8221;on|9px|9px|9px|9px&#8221; border_color_all_dsm_tabs_wrapper_border=&#8221;#BE1622&#8243; border_color_top_dsm_tabs_wrapper_border=&#8221;#BE1622&#8243; border_width_all_dsm_content_border=&#8221;0px&#8221; box_shadow_style_tabs_wrapper_shadow=&#8221;preset3&#8243; box_shadow_horizontal_tabs_wrapper_shadow=&#8221;-6px&#8221; box_shadow_vertical_tabs_wrapper_shadow=&#8221;3px&#8221; box_shadow_blur_tabs_wrapper_shadow=&#8221;80px&#8221; box_shadow_spread_tabs_wrapper_shadow=&#8221;-24px&#8221; box_shadow_style_content_shadow=&#8221;preset3&#8243; box_shadow_blur_content_shadow=&#8221;32px&#8221; box_shadow_spread_content_shadow=&#8221;-17px&#8221; global_colors_info=&#8221;{}&#8221; sticky_enabled=&#8221;0&#8243;][dsm_advanced_tabs_child dsm_title=&#8221;Visuals\/Packshots&#8221; dsm_use_icon_image=&#8221;on&#8221; dsm_use_icon=&#8221;on&#8221; font_icon=&#8221;&#xe006;||divi||400&#8243; dsm_content_title=&#8221;Download our products visuals&#8221; dsm_content=&#8221;<\/p>\n<p><a href=%22https:\/\/www.brasserie-dupont.com\/wp-content\/uploads\/2025\/03\/Saison-Dupont.zip%22 data-et-target-link=%22_blank%22 rel=%22noopener%22>\u27a4 Visuels Saison Dupont<\/a><\/p>\n<p><a href=%22https:\/\/www.brasserie-dupont.com\/wp-content\/uploads\/2025\/03\/Saison-Bio.zip%22>\u27a4 Visuels Saison Bio<\/a><\/p>\n<p><a href=%22https:\/\/www.brasserie-dupont.com\/wp-content\/uploads\/2025\/03\/Saison-Dry-Hop.zip%22>\u27a4 Visuels Saison Dry Hop<\/a><\/p>\n<p><a href=%22https:\/\/www.brasserie-dupont.com\/wp-content\/uploads\/2025\/03\/Biolegere.zip%22>\u27a4 Visuels Biol\u00e9g\u00e8re<\/a><\/p>\n<p><a href=%22https:\/\/www.brasserie-dupont.com\/wp-content\/uploads\/2025\/03\/Moinette-Blonde.zip%22>\u27a4 Visuels Moinette Blonde<\/a><\/p>\n<p><a href=%22https:\/\/www.brasserie-dupont.com\/wp-content\/uploads\/2025\/03\/Moinette-Bio.zip%22>\u27a4 Visuels Moinette Bio<\/a><\/p>\n<p><a href=%22https:\/\/www.brasserie-dupont.com\/wp-content\/uploads\/2025\/03\/Moinette-Ambree-.zip%22>\u27a4 Visuels Moinette Ambr\u00e9e<\/a><\/p>\n<p><a href=%22https:\/\/www.brasserie-dupont.com\/wp-content\/uploads\/2025\/03\/Moinette-Brune.zip%22>\u27a4 Visuels Moinette Brune<\/a><\/p>\n<p><a href=%22https:\/\/www.brasserie-dupont.com\/wp-content\/uploads\/2025\/03\/Bons-Voeux.zip%22>\u27a4 Visuels Bons Voeux<\/a><\/p>\n<p><a href=%22https:\/\/www.brasserie-dupont.com\/wp-content\/uploads\/2025\/03\/Monks-Stout.zip%22>\u27a4 Visuels Monk&apos;s Stout<\/a><\/p>\n<p><a href=%22https:\/\/www.brasserie-dupont.com\/wp-content\/uploads\/2025\/03\/Redor.zip%22>\u27a4 Visuels R\u00e9dor Pils<\/a><\/p>\n<p><a href=%22https:\/\/www.brasserie-dupont.com\/wp-content\/uploads\/2025\/03\/Triomf.zip%22>\u27a4 Visuels Triomf<\/a><\/p>\n<p><a href=%22https:\/\/www.brasserie-dupont.com\/wp-content\/uploads\/2025\/03\/Blanche-du-Hainaut.zip%22>\u27a4 Visuels Blanche du Hainaut<\/a><\/p>\n<p><a href=%22https:\/\/www.brasserie-dupont.com\/wp-content\/uploads\/2025\/03\/Biere-de-Miel.zip%22>\u27a4 Visuels Bi\u00e8re de Miel<\/a><\/p>\n<p>&#8221; _builder_version=&#8221;4.27.4&#8243; _module_preset=&#8221;default&#8221; content_title_level=&#8221;h2&#8243; content_title_font=&#8221;Bebas Neue||||||||&#8221; content_title_font_size=&#8221;33px&#8221; tab_content_text_font=&#8221;Open Sans||||||||&#8221; global_colors_info=&#8221;{}&#8221; parentOrderClass=&#8221;dsm_advanced_tabs_0&#8243;][\/dsm_advanced_tabs_child][dsm_advanced_tabs_child dsm_title=&#8221;Logos&#8221; dsm_use_icon_image=&#8221;on&#8221; dsm_use_icon=&#8221;on&#8221; font_icon=&#8221;&#xe0f5;||divi||400&#8243; dsm_content_title=&#8221;Download our products logos&#8221; dsm_content=&#8221;<\/p>\n<p><a href=%22https:\/\/www.brasserie-dupont.com\/wp-content\/uploads\/2025\/03\/SaisonDupont_logo.pdf%22 data-et-target-link=%22_blank%22 rel=%22noopener%22>\u27a4 Logo Saison Dupont<\/a><\/p>\n<p><a href=%22https:\/\/www.brasserie-dupont.com\/wp-content\/uploads\/2025\/03\/Logo_SAISONBIO.pdf%22>\u27a4 Logo Saison Bio<\/a><\/p>\n<p><a href=%22https:\/\/www.brasserie-dupont.com\/wp-content\/uploads\/2025\/03\/LOGO.pdf%22>\u27a4 Logo Dry Hop<\/a><\/p>\n<p><a href=%22https:\/\/www.brasserie-dupont.com\/wp-content\/uploads\/2025\/03\/Biolegere_logo.pdf%22>\u27a4 Logo Biol\u00e9g\u00e8re<\/a><\/p>\n<p><a href=%22https:\/\/www.brasserie-dupont.com\/wp-content\/uploads\/2025\/03\/Moinette-Blonde-noircont.-blanc-Converti.pdf%22>\u27a4 Logo Moinette Blonde<\/a><\/p>\n<p><a href=%22https:\/\/www.brasserie-dupont.com\/wp-content\/uploads\/2025\/03\/MoinetteBio.pdf%22>\u27a4 Logo Moinette Bio<\/a><\/p>\n<p><a href=%22https:\/\/www.brasserie-dupont.com\/wp-content\/uploads\/2025\/03\/Moinette-Ambre%CC%81e-noircont.-blanc-Converti.pdf%22>\u27a4 Logo Moinette Ambr\u00e9e<\/a><\/p>\n<p><a href=%22https:\/\/www.brasserie-dupont.com\/wp-content\/uploads\/2025\/03\/Moinette-Brune-noircont.-blanc-Converti.pdf%22>\u27a4 Logo Moinette Brune<\/a><\/p>\n<p><a href=%22https:\/\/www.brasserie-dupont.com\/wp-content\/uploads\/2025\/03\/BonsVoeux_logo-1.pdf%22>\u27a4 Logo Bons Voeux<\/a><\/p>\n<p><a href=%22https:\/\/www.brasserie-dupont.com\/wp-content\/uploads\/2025\/03\/MonksStout_logo.pdf%22>\u27a4 Logo Monk&apos;s Stout<\/a><\/p>\n<p><a href=%22https:\/\/www.brasserie-dupont.com\/wp-content\/uploads\/2025\/03\/redor_logo.pdf%22>\u27a4 Logo R\u00e9dor Pils<\/a><\/p>\n<p><a href=%22https:\/\/www.brasserie-dupont.com\/wp-content\/uploads\/2025\/03\/Triomf_logo.pdf%22>\u27a4 Logo Triomf<\/a><\/p>\n<p><a href=%22https:\/\/www.brasserie-dupont.com\/wp-content\/uploads\/2025\/03\/BlancheduHainaut_logo.pdf%22>\u27a4 Logo Blanche du Hainaut<\/a><\/p>\n<p><a href=%22https:\/\/www.brasserie-dupont.com\/wp-content\/uploads\/2025\/03\/BDM_logo.pdf%22>\u27a4 Logo Bi\u00e8re de Miel<\/a><\/p>\n<p><a href=%22https:\/\/www.brasserie-dupont.com\/wp-content\/uploads\/2025\/08\/DUP_Blason_NEW_2021-CMYK-FOGRA39.pdf%22>\u27a4 Logo Brasserie Dupont<\/a><\/p>\n<p>&#8221; _builder_version=&#8221;4.27.4&#8243; _module_preset=&#8221;default&#8221; global_colors_info=&#8221;{}&#8221; parentOrderClass=&#8221;dsm_advanced_tabs_0&#8243;][\/dsm_advanced_tabs_child][dsm_advanced_tabs_child dsm_title=&#8221;Technical sheets&#8221; dsm_use_icon_image=&#8221;on&#8221; dsm_use_icon=&#8221;on&#8221; font_icon=&#8221;&#x69;||divi||400&#8243; dsm_content_title=&#8221;Download our technical sheets&#8221; dsm_content=&#8221;<\/p>\n<p><a href=%22https:\/\/www.brasserie-dupont.com\/wp-content\/uploads\/2025\/10\/FT-Saison-Dupont.pdf%22 data-et-target-link=%22_blank%22 rel=%22noopener%22>\u27a4 Technical sheet Saison Dupont<\/a><\/p>\n<p><a href=%22https:\/\/www.brasserie-dupont.com\/wp-content\/uploads\/2025\/10\/FT-Saison-Bio.pdf%22 data-et-target-link=%22_blank%22 rel=%22noopener%22>\u27a4 Technical sheet Saison Bio<\/a><\/p>\n<p><a href=%22https:\/\/www.brasserie-dupont.com\/wp-content\/uploads\/2025\/10\/FT-SDDH.pdf%22 data-et-target-link=%22_blank%22 rel=%22noopener%22>\u27a4 Technical sheet Saison Dry Hop<\/a><\/p>\n<p><a href=%22https:\/\/www.brasserie-dupont.com\/wp-content\/uploads\/2025\/10\/FT-Biolegere.pdf%22 data-et-target-link=%22_blank%22 rel=%22noopener%22>\u27a4 Technical sheet Biol\u00e9g\u00e8re<\/a><\/p>\n<p><a href=%22https:\/\/www.brasserie-dupont.com\/wp-content\/uploads\/2025\/10\/FT-Moinette-Blonde.pdf%22 data-et-target-link=%22_blank%22 rel=%22noopener%22>\u27a4 Technical sheet Moinette Blonde<\/a><\/p>\n<p><a href=%22https:\/\/www.brasserie-dupont.com\/wp-content\/uploads\/2025\/10\/FT-Moinette-Bio.pdf%22 data-et-target-link=%22_blank%22 rel=%22noopener%22>\u27a4 Technical sheet Moinette Bio<\/a><\/p>\n<p><a href=%22https:\/\/www.brasserie-dupont.com\/wp-content\/uploads\/2025\/10\/FT-Moinette-Ambree.pdf%22 data-et-target-link=%22_blank%22 rel=%22noopener%22>\u27a4 Technical sheet Moinette Ambr\u00e9e<\/a><\/p>\n<p><a href=%22https:\/\/www.brasserie-dupont.com\/wp-content\/uploads\/2025\/10\/FT-Moinette-Brune.pdf%22 data-et-target-link=%22_blank%22 rel=%22noopener%22>\u27a4 Technical sheet Moinette Brune<\/a><\/p>\n<p><a href=%22https:\/\/www.brasserie-dupont.com\/wp-content\/uploads\/2025\/10\/FT-Bons-Voeux.pdf%22 data-et-target-link=%22_blank%22 rel=%22noopener%22>\u27a4 Technical sheet Bons Voeux<\/a><\/p>\n<p><a href=%22https:\/\/www.brasserie-dupont.com\/wp-content\/uploads\/2025\/10\/FT-Monks-Stout.pdf%22 data-et-target-link=%22_blank%22 rel=%22noopener%22>\u27a4 Technical sheet Monk&apos;s Stout<\/a><\/p>\n<p><a href=%22https:\/\/www.brasserie-dupont.com\/wp-content\/uploads\/2025\/10\/FT-Redor-Pils.pdf%22 data-et-target-link=%22_blank%22 rel=%22noopener%22>\u27a4 Technical sheet R\u00e9dor Pils<\/a><\/p>\n<p><a href=%22https:\/\/www.brasserie-dupont.com\/wp-content\/uploads\/2025\/10\/FT-Triomf.pdf%22 data-et-target-link=%22_blank%22 rel=%22noopener%22>\u27a4Technical sheet Triomf<\/a><\/p>\n<p><a href=%22https:\/\/www.brasserie-dupont.com\/wp-content\/uploads\/2025\/10\/FT-Blanche-du-Hainaut.pdf%22 data-et-target-link=%22_blank%22 rel=%22noopener%22>\u27a4 Technical sheet Blanche du Hainaut<\/a><\/p>\n<p><a href=%22https:\/\/www.brasserie-dupont.com\/wp-content\/uploads\/2025\/10\/FT-Biere-de-Miel.pdf%22 data-et-target-link=%22_blank%22 rel=%22noopener%22>\u27a4 Technical sheet Bi\u00e8re de Miel<\/a><\/p>\n<p><a href=%22https:\/\/www.brasserie-dupont.com\/wp-content\/uploads\/2025\/10\/FT-Cervesia.pdf%22 data-et-target-link=%22_blank%22 rel=%22noopener%22>\u27a4 Technical sheet Cervesia<\/a><\/p>\n<p><a href=%22https:\/\/www.brasserie-dupont.com\/wp-content\/uploads\/2025\/11\/FT-BAL-Musette.pdf%22 data-et-target-link=%22_blank%22 rel=%22noopener%22>\u27a4 Technical sheet BAL Musette<\/a><\/p>\n<p>&#8221; _builder_version=&#8221;4.27.4&#8243; _module_preset=&#8221;default&#8221; hover_enabled=&#8221;0&#8243; global_colors_info=&#8221;{}&#8221; parentOrderClass=&#8221;dsm_advanced_tabs_0&#8243; sticky_enabled=&#8221;0&#8243;][\/dsm_advanced_tabs_child][dsm_advanced_tabs_child dsm_title=&#8221;Labels &#8221; dsm_use_icon_image=&#8221;on&#8221; dsm_use_icon=&#8221;on&#8221; font_icon=&#8221;&#xf72f;||fa||900&#8243; dsm_content_title=&#8221;Download our beer labels&#8221; dsm_content=&#8221;<\/p>\n<p><a href=%22https:\/\/www.brasserie-dupont.com\/wp-content\/uploads\/2025\/03\/DUP_Label-SD_3375.zip%22 data-et-target-link=%22_blank%22 rel=%22noopener%22>\u27a4 Etiquette Saison Dupont<\/a><\/p>\n<p><a href=%22https:\/\/www.brasserie-dupont.com\/wp-content\/uploads\/2025\/03\/DUP_Labels-SDBIO-7533.zip%22>\u27a4 Etiquette Saison Bio<\/a><\/p>\n<p><a href=%22https:\/\/www.brasserie-dupont.com\/wp-content\/uploads\/2025\/03\/Saison-Dupont-Dry-Hopping-2019-33cl.zip%22>\u27a4 Etiquette Saison Dry Hop<\/a><\/p>\n<p><a href=%22https:\/\/www.brasserie-dupont.com\/wp-content\/uploads\/2025\/03\/DUP_Labels-BIOLEGERE-25cl2.zip%22>\u27a4 Etiquette Biol\u00e9g\u00e8re<\/a><\/p>\n<p><a href=%22https:\/\/www.brasserie-dupont.com\/wp-content\/uploads\/2025\/03\/DUP_Labels-MBL-75cl2.zip%22>\u27a4 Etiquette Moinette Blonde<\/a><\/p>\n<p><a href=%22https:\/\/www.brasserie-dupont.com\/wp-content\/uploads\/2025\/03\/DUP_Labels-MBIO-75cl2.zip%22>\u27a4 Etiquette Moinette Bio<\/a><\/p>\n<p><a href=%22https:\/\/www.brasserie-dupont.com\/wp-content\/uploads\/2025\/03\/DUP_Labels-MA-75cl2.zip%22>\u27a4 Etiquette Moinette Ambr\u00e9e<\/a><\/p>\n<p><a href=%22https:\/\/www.brasserie-dupont.com\/wp-content\/uploads\/2025\/03\/DUP_Labels-MBR-33cl.zip%22>\u27a4 Etiquette Moinette Brune<\/a><\/p>\n<p><a href=%22https:\/\/www.brasserie-dupont.com\/wp-content\/uploads\/2025\/03\/DUP_Labels-BV-75cl.zip%22>\u27a4 Etiquette Bons Voeux<\/a><\/p>\n<p><a href=%22https:\/\/www.brasserie-dupont.com\/wp-content\/uploads\/2025\/03\/DUP_Labels-MONK-33cl.zip%22>\u27a4 Etiquette Monk&apos;s Stout<\/a><\/p>\n<p><a href=%22https:\/\/www.brasserie-dupont.com\/wp-content\/uploads\/2025\/03\/DUP_Labels-REDORPILS-25cl.zip%22>\u27a4 Etiquette R\u00e9dor Pils<\/a><\/p>\n<p><a href=%22https:\/\/www.brasserie-dupont.com\/wp-content\/uploads\/2025\/03\/DUP_Labels-TRIOMF-33cl2.zip%22>\u27a4 Etiquette Triomf<\/a><\/p>\n<p><a href=%22https:\/\/www.brasserie-dupont.com\/wp-content\/uploads\/2025\/03\/DUP_Labels-BLANCHEBIO-25cl2.zip%22>\u27a4 Etiquette Blanche du Hainaut<\/a><\/p>\n<p><a href=%22https:\/\/www.brasserie-dupont.com\/wp-content\/uploads\/2025\/03\/DUP_Labels-MIELBIO-7533cl2.zip%22>\u27a4 Etiquette Bi\u00e8re de Miel<\/a><\/p>\n<p>&#8221; _builder_version=&#8221;4.27.4&#8243; _module_preset=&#8221;default&#8221; global_colors_info=&#8221;{}&#8221; parentOrderClass=&#8221;dsm_advanced_tabs_0&#8243;][\/dsm_advanced_tabs_child][dsm_advanced_tabs_child dsm_title=&#8221;Graphic charter&#8221; dsm_use_icon_image=&#8221;on&#8221; dsm_use_icon=&#8221;on&#8221; font_icon=&#8221;&#x6c;||divi||400&#8243; dsm_content_title=&#8221;Download our graphic charter&#8221; button_text=&#8221;Download&#8221; button_url=&#8221;https:\/\/www.brasserie-dupont.com\/wp-content\/uploads\/2025\/05\/DUP_Blason_2021_Guide.pdf&#8221; _builder_version=&#8221;4.27.4&#8243; _module_preset=&#8221;default&#8221; custom_button=&#8221;on&#8221; button_text_size=&#8221;15px&#8221; button_text_color=&#8221;#FFFFFF&#8221; button_bg_color=&#8221;#BE1622&#8243; button_border_radius=&#8221;71px&#8221; global_colors_info=&#8221;{}&#8221; parentOrderClass=&#8221;dsm_advanced_tabs_0&#8243;][\/dsm_advanced_tabs_child][\/dsm_advanced_tabs][\/et_pb_column][\/et_pb_row][\/et_pb_section]<\/p>\n","protected":false},"excerpt":{"rendered":"<p>Download zone<div class=\"et_pb_with_border et_pb_module dsm_advanced_tabs dsm_advanced_tabs_0\">\n\t\t\t\t\n\t\t\t\t\n\t\t\t\t\n\t\t\t\t\n\t\t\t\t\n\t\t\t\t\n\t\t\t\t<div class=\"et_pb_module_inner\">\n\t\t\t\t\t<div class=\"dsm-advanced-tabs-container\" data-trigger=\"click\" data-animation=\"none\" data-inner_animation=\"fadeInUp\" data-deep_link=\"off\" data-image_lightbox=\"off\" data-auto_scroll_mobile=\"off\" data-anchor_link=\"off\">\n\t\t\t\t    <div class=\"dsm-advanced-tabs-wrapper\" role=\"tablist\"><\/div>\n\t\t\t\t <div class=\"dsm-advanced-tabs-content-wrapper\">\n\t\t\t\t    \n\t\t\t\t <\/div>\n\t\t     <\/div>\n\t\t    \n\t\t\t\t<\/div>\n\t\t\t<\/div><div class=\"dsm-advanced-tab-item-wrapper dsm_advanced_tabs_child_0\">\n\t\t\t\t<\/div>\n\t\t\t<div class=\"dsm-advanced-tab-item-wrapper dsm_advanced_tabs_child_1\">\n\t\t\t\t<\/div>\n\t\t\t<div class=\"dsm-advanced-tab-item-wrapper dsm_advanced_tabs_child_2\">\n\t\t\t\t<\/div>\n\t\t\t<\/p>\n","protected":false},"author":1,"featured_media":0,"parent":0,"menu_order":0,"comment_status":"closed","ping_status":"closed","template":"","meta":{"_et_pb_use_builder":"on","_et_pb_old_content":"","_et_gb_content_width":"","footnotes":""},"class_list":["post-1575","page","type-page","status-publish","hentry"],"yoast_head":"<!-- This site is optimized with the Yoast SEO Premium plugin v27.5 (Yoast SEO v27.5) - https:\/\/yoast.com\/product\/yoast-seo-premium-wordpress\/ -->\n<title>Downloads \u2013 Brasserie Dupont<\/title>\n<meta name=\"description\" content=\"Access the Brasserie Dupont library: technical data sheets, HD visuals, logos and other downloadable resources on our craft beers.\" \/>\n<meta name=\"robots\" content=\"noindex, follow\" \/>\n<meta property=\"og:locale\" content=\"en_US\" \/>\n<meta property=\"og:type\" content=\"article\" \/>\n<meta property=\"og:title\" content=\"Downloads\" \/>\n<meta property=\"og:description\" content=\"Access the Brasserie Dupont library: technical data sheets, HD visuals, logos and other downloadable resources on our craft beers.\" \/>\n<meta property=\"og:url\" content=\"https:\/\/www.brasserie-dupont.com\/en\/downloads\/\" \/>\n<meta property=\"og:site_name\" content=\"Brasserie Dupont\" \/>\n<meta property=\"article:publisher\" content=\"https:\/\/www.facebook.com\/brasseriedupont.srl\" \/>\n<meta property=\"article:modified_time\" content=\"2025-11-10T12:55:22+00:00\" \/>\n<meta property=\"og:image\" content=\"https:\/\/www.brasserie-dupont.com\/wp-content\/uploads\/2025\/08\/article_default.jpg\" \/>\n\t<meta property=\"og:image:width\" content=\"1200\" \/>\n\t<meta property=\"og:image:height\" content=\"675\" \/>\n\t<meta property=\"og:image:type\" content=\"image\/jpeg\" \/>\n<meta name=\"twitter:card\" content=\"summary_large_image\" \/>\n<meta name=\"twitter:label1\" content=\"Est. reading time\" \/>\n\t<meta name=\"twitter:data1\" content=\"5 minutes\" \/>\n<script type=\"application\/ld+json\" class=\"yoast-schema-graph\">{\"@context\":\"https:\\\/\\\/schema.org\",\"@graph\":[{\"@type\":\"WebPage\",\"@id\":\"https:\\\/\\\/www.brasserie-dupont.com\\\/en\\\/downloads\\\/\",\"url\":\"https:\\\/\\\/www.brasserie-dupont.com\\\/en\\\/downloads\\\/\",\"name\":\"Downloads \u2013 Brasserie Dupont\",\"isPartOf\":{\"@id\":\"https:\\\/\\\/www.brasserie-dupont.com\\\/en\\\/#website\"},\"datePublished\":\"2025-01-21T15:07:13+00:00\",\"dateModified\":\"2025-11-10T12:55:22+00:00\",\"description\":\"Access the Brasserie Dupont library: technical data sheets, HD visuals, logos and other downloadable resources on our craft beers.\",\"breadcrumb\":{\"@id\":\"https:\\\/\\\/www.brasserie-dupont.com\\\/en\\\/downloads\\\/#breadcrumb\"},\"inLanguage\":\"en-US\",\"potentialAction\":[{\"@type\":\"ReadAction\",\"target\":[\"https:\\\/\\\/www.brasserie-dupont.com\\\/en\\\/downloads\\\/\"]}]},{\"@type\":\"BreadcrumbList\",\"@id\":\"https:\\\/\\\/www.brasserie-dupont.com\\\/en\\\/downloads\\\/#breadcrumb\",\"itemListElement\":[{\"@type\":\"ListItem\",\"position\":1,\"name\":\"Home\",\"item\":\"https:\\\/\\\/www.brasserie-dupont.com\\\/en\\\/\"},{\"@type\":\"ListItem\",\"position\":2,\"name\":\"Downloads\"}]},{\"@type\":\"WebSite\",\"@id\":\"https:\\\/\\\/www.brasserie-dupont.com\\\/en\\\/#website\",\"url\":\"https:\\\/\\\/www.brasserie-dupont.com\\\/en\\\/\",\"name\":\"Brasserie Dupont\",\"description\":\"\",\"publisher\":{\"@id\":\"https:\\\/\\\/www.brasserie-dupont.com\\\/en\\\/#organization\"},\"potentialAction\":[{\"@type\":\"SearchAction\",\"target\":{\"@type\":\"EntryPoint\",\"urlTemplate\":\"https:\\\/\\\/www.brasserie-dupont.com\\\/en\\\/?s={search_term_string}\"},\"query-input\":{\"@type\":\"PropertyValueSpecification\",\"valueRequired\":true,\"valueName\":\"search_term_string\"}}],\"inLanguage\":\"en-US\"},{\"@type\":\"Organization\",\"@id\":\"https:\\\/\\\/www.brasserie-dupont.com\\\/en\\\/#organization\",\"name\":\"Brasserie Dupont\",\"url\":\"https:\\\/\\\/www.brasserie-dupont.com\\\/en\\\/\",\"logo\":{\"@type\":\"ImageObject\",\"inLanguage\":\"en-US\",\"@id\":\"https:\\\/\\\/www.brasserie-dupont.com\\\/en\\\/#\\\/schema\\\/logo\\\/image\\\/\",\"url\":\"https:\\\/\\\/www.brasserie-dupont.com\\\/wp-content\\\/uploads\\\/2024\\\/10\\\/DUP_Blason_NEW_2021-CMYK-FOGRA39.png\",\"contentUrl\":\"https:\\\/\\\/www.brasserie-dupont.com\\\/wp-content\\\/uploads\\\/2024\\\/10\\\/DUP_Blason_NEW_2021-CMYK-FOGRA39.png\",\"width\":200,\"height\":238,\"caption\":\"Brasserie Dupont\"},\"image\":{\"@id\":\"https:\\\/\\\/www.brasserie-dupont.com\\\/en\\\/#\\\/schema\\\/logo\\\/image\\\/\"},\"sameAs\":[\"https:\\\/\\\/www.facebook.com\\\/brasseriedupont.srl\",\"https:\\\/\\\/www.instagram.com\\\/brasseriedupont\\\/?hl=fr\"],\"description\":\"La Brasserie Dupont, r\u00e9f\u00e9rence mondiale du style Saison, produit des bi\u00e8res artisanales belges authentiques, brass\u00e9es avec passion et savoir-faire traditionnel.\",\"email\":\"contact@brasserie-dupont.com\",\"legalName\":\"Brasserie Dupont SRL\"}]}<\/script>\n<!-- \/ Yoast SEO Premium plugin. -->","yoast_head_json":{"title":"Downloads \u2013 Brasserie Dupont","description":"Access the Brasserie Dupont library: technical data sheets, HD visuals, logos and other downloadable resources on our craft beers.","robots":{"index":"noindex","follow":"follow"},"og_locale":"en_US","og_type":"article","og_title":"Downloads","og_description":"Access the Brasserie Dupont library: technical data sheets, HD visuals, logos and other downloadable resources on our craft beers.","og_url":"https:\/\/www.brasserie-dupont.com\/en\/downloads\/","og_site_name":"Brasserie Dupont","article_publisher":"https:\/\/www.facebook.com\/brasseriedupont.srl","article_modified_time":"2025-11-10T12:55:22+00:00","og_image":[{"width":1200,"height":675,"url":"https:\/\/www.brasserie-dupont.com\/wp-content\/uploads\/2025\/08\/article_default.jpg","type":"image\/jpeg"}],"twitter_card":"summary_large_image","twitter_misc":{"Est. reading time":"5 minutes"},"schema":{"@context":"https:\/\/schema.org","@graph":[{"@type":"WebPage","@id":"https:\/\/www.brasserie-dupont.com\/en\/downloads\/","url":"https:\/\/www.brasserie-dupont.com\/en\/downloads\/","name":"Downloads \u2013 Brasserie Dupont","isPartOf":{"@id":"https:\/\/www.brasserie-dupont.com\/en\/#website"},"datePublished":"2025-01-21T15:07:13+00:00","dateModified":"2025-11-10T12:55:22+00:00","description":"Access the Brasserie Dupont library: technical data sheets, HD visuals, logos and other downloadable resources on our craft beers.","breadcrumb":{"@id":"https:\/\/www.brasserie-dupont.com\/en\/downloads\/#breadcrumb"},"inLanguage":"en-US","potentialAction":[{"@type":"ReadAction","target":["https:\/\/www.brasserie-dupont.com\/en\/downloads\/"]}]},{"@type":"BreadcrumbList","@id":"https:\/\/www.brasserie-dupont.com\/en\/downloads\/#breadcrumb","itemListElement":[{"@type":"ListItem","position":1,"name":"Home","item":"https:\/\/www.brasserie-dupont.com\/en\/"},{"@type":"ListItem","position":2,"name":"Downloads"}]},{"@type":"WebSite","@id":"https:\/\/www.brasserie-dupont.com\/en\/#website","url":"https:\/\/www.brasserie-dupont.com\/en\/","name":"Brasserie Dupont","description":"","publisher":{"@id":"https:\/\/www.brasserie-dupont.com\/en\/#organization"},"potentialAction":[{"@type":"SearchAction","target":{"@type":"EntryPoint","urlTemplate":"https:\/\/www.brasserie-dupont.com\/en\/?s={search_term_string}"},"query-input":{"@type":"PropertyValueSpecification","valueRequired":true,"valueName":"search_term_string"}}],"inLanguage":"en-US"},{"@type":"Organization","@id":"https:\/\/www.brasserie-dupont.com\/en\/#organization","name":"Brasserie Dupont","url":"https:\/\/www.brasserie-dupont.com\/en\/","logo":{"@type":"ImageObject","inLanguage":"en-US","@id":"https:\/\/www.brasserie-dupont.com\/en\/#\/schema\/logo\/image\/","url":"https:\/\/www.brasserie-dupont.com\/wp-content\/uploads\/2024\/10\/DUP_Blason_NEW_2021-CMYK-FOGRA39.png","contentUrl":"https:\/\/www.brasserie-dupont.com\/wp-content\/uploads\/2024\/10\/DUP_Blason_NEW_2021-CMYK-FOGRA39.png","width":200,"height":238,"caption":"Brasserie Dupont"},"image":{"@id":"https:\/\/www.brasserie-dupont.com\/en\/#\/schema\/logo\/image\/"},"sameAs":["https:\/\/www.facebook.com\/brasseriedupont.srl","https:\/\/www.instagram.com\/brasseriedupont\/?hl=fr"],"description":"La Brasserie Dupont, r\u00e9f\u00e9rence mondiale du style Saison, produit des bi\u00e8res artisanales belges authentiques, brass\u00e9es avec passion et savoir-faire traditionnel.","email":"contact@brasserie-dupont.com","legalName":"Brasserie Dupont SRL"}]}},"_links":{"self":[{"href":"https:\/\/www.brasserie-dupont.com\/en\/wp-json\/wp\/v2\/pages\/1575","targetHints":{"allow":["GET"]}}],"collection":[{"href":"https:\/\/www.brasserie-dupont.com\/en\/wp-json\/wp\/v2\/pages"}],"about":[{"href":"https:\/\/www.brasserie-dupont.com\/en\/wp-json\/wp\/v2\/types\/page"}],"author":[{"embeddable":true,"href":"https:\/\/www.brasserie-dupont.com\/en\/wp-json\/wp\/v2\/users\/1"}],"replies":[{"embeddable":true,"href":"https:\/\/www.brasserie-dupont.com\/en\/wp-json\/wp\/v2\/comments?post=1575"}],"version-history":[{"count":10,"href":"https:\/\/www.brasserie-dupont.com\/en\/wp-json\/wp\/v2\/pages\/1575\/revisions"}],"predecessor-version":[{"id":2430,"href":"https:\/\/www.brasserie-dupont.com\/en\/wp-json\/wp\/v2\/pages\/1575\/revisions\/2430"}],"wp:attachment":[{"href":"https:\/\/www.brasserie-dupont.com\/en\/wp-json\/wp\/v2\/media?parent=1575"}],"curies":[{"name":"wp","href":"https:\/\/api.w.org\/{rel}","templated":true}]}}