{"id":1561,"date":"2025-01-20T16:03:20","date_gmt":"2025-01-20T15:03:20","guid":{"rendered":"https:\/\/preprod.wp.dupont.wavenet-test.be\/samenwerking\/"},"modified":"2025-03-26T14:49:06","modified_gmt":"2025-03-26T13:49:06","slug":"samenwerking","status":"publish","type":"page","link":"https:\/\/www.brasserie-dupont.com\/nl\/samenwerking\/","title":{"rendered":"Samenwerking"},"content":{"rendered":"<p>[et_pb_section fb_built=&#8221;1&#8243; admin_label=&#8221;Contact Info&#8221; _builder_version=&#8221;4.27.4&#8243; _module_preset=&#8221;a2c06e95-448f-4922-a8e9-da0a70747fa4&#8243; background_color=&#8221;#F6F3EF&#8221; locked=&#8221;off&#8221; global_colors_info=&#8221;{%22gcid-1f1bf5fb-a99d-4acc-8d9e-ddac074c158c%22:%91%22background_color_gradient_stops%22,%22background_color_gradient_stops%22%93,%22gcid-a78660e1-cfc7-4771-a566-6834d6a7f06a%22:%91%22background_color_gradient_stops%22,%22background_color_gradient_stops%22%93,%22gcid-24b0db87-dafa-47d9-995f-b90181e18c52%22:%91%22background_color_gradient_stops%22,%22background_color_gradient_stops%22%93}&#8221;][et_pb_row _builder_version=&#8221;4.27.4&#8243; _module_preset=&#8221;default&#8221; global_colors_info=&#8221;{}&#8221;][et_pb_column type=&#8221;4_4&#8243; _builder_version=&#8221;4.25.2&#8243; _module_preset=&#8221;fa65d129-5ea3-4c95-8789-b1a65649a4a8&#8243; custom_padding=&#8221;60px|60px|60px|60px|true|true&#8221; global_colors_info=&#8221;{}&#8221;][et_pb_heading title=&#8221;Samenwerkingsaanvraag&#8221; _builder_version=&#8221;4.27.4&#8243; _module_preset=&#8221;b39c4bdf-a7b6-4ac9-89f7-683bbcbed337&#8243; title_font=&#8221;Bebas Neue||||||||&#8221; title_text_align=&#8221;center&#8221; locked=&#8221;off&#8221; global_colors_info=&#8221;{}&#8221;][\/et_pb_heading][et_pb_contact_form submit_button_text=&#8221;verzenden&#8221; _builder_version=&#8221;4.27.4&#8243; _module_preset=&#8221;3949442c-4d68-4b67-ac1e-f30cd27b1452&#8243; _unique_id=&#8221;085034b6-2c25-4672-b780-7a967f5e575a&#8221; button_bg_color=&#8221;#BE1622&#8243; hover_enabled=&#8221;0&#8243; global_colors_info=&#8221;{%22gcid-1f1b4e15-7cc6-4e13-8154-74d77a956460%22:%91%22link_text_color%22,%22quote_text_color%22,%22quote_border_color%22%93,%22gcid-a78660e1-cfc7-4771-a566-6834d6a7f06a%22:%91%22form_field_background_color%22%93,%22gcid-d7cd5a78-aaef-4f36-82a3-4d3706015cba%22:%91%22link_text_color%22%93,%22gcid-24b0db87-dafa-47d9-995f-b90181e18c52%22:%91%22border_color_all%22%93}&#8221; success_message=&#8221;Uw partnerverzoek is ontvangen, bedankt!&#8221; email=&#8221;sponsor@brasserie-dupont.com&#8221; custom_message=&#8221;Nouvelle demande de partenariat!||et_pb_line_break_holder||Nom: %%Name%%||et_pb_line_break_holder||Pr\u00e9nom:%%Surname%%||et_pb_line_break_holder||T\u00e9l\u00e9phone:%%Phone%%||et_pb_line_break_holder||Mail:%%Email%%||et_pb_line_break_holder||Type d&#039;entit\u00e9: %%type%%||et_pb_line_break_holder||Nom de l&#039;entit\u00e9: %%name-entity%%||et_pb_line_break_holder||Travaille d\u00e9j\u00e0 avec nos produits: %%Produits%%||et_pb_line_break_holder||Si oui, via quel fournisseur: %%endroit%%||et_pb_line_break_holder||Message: %%Message%%&#8221; use_spam_service=&#8221;on&#8221; recaptcha_list=&#8221;Brasserie Dupont|Brasserie Dupont-0&#8243; sticky_enabled=&#8221;0&#8243;][et_pb_contact_field field_id=&#8221;Name&#8221; field_title=&#8221;Naam&#8221; min_length=&#8221;3&#8243; max_length=&#8221;25&#8243; allowed_symbols=&#8221;letters&#8221; _builder_version=&#8221;4.27.4&#8243; _module_preset=&#8221;default&#8221; global_colors_info=&#8221;{}&#8221; button_text_size__hover_enabled=&#8221;off&#8221; button_one_text_size__hover_enabled=&#8221;off&#8221; button_two_text_size__hover_enabled=&#8221;off&#8221; button_text_color__hover_enabled=&#8221;off&#8221; button_one_text_color__hover_enabled=&#8221;off&#8221; button_two_text_color__hover_enabled=&#8221;off&#8221; button_border_width__hover_enabled=&#8221;off&#8221; button_one_border_width__hover_enabled=&#8221;off&#8221; button_two_border_width__hover_enabled=&#8221;off&#8221; button_border_color__hover_enabled=&#8221;off&#8221; button_one_border_color__hover_enabled=&#8221;off&#8221; button_two_border_color__hover_enabled=&#8221;off&#8221; button_border_radius__hover_enabled=&#8221;off&#8221; button_one_border_radius__hover_enabled=&#8221;off&#8221; button_two_border_radius__hover_enabled=&#8221;off&#8221; button_letter_spacing__hover_enabled=&#8221;off&#8221; button_one_letter_spacing__hover_enabled=&#8221;off&#8221; button_two_letter_spacing__hover_enabled=&#8221;off&#8221; button_bg_color__hover_enabled=&#8221;off&#8221; button_one_bg_color__hover_enabled=&#8221;off&#8221; button_two_bg_color__hover_enabled=&#8221;off&#8221;][\/et_pb_contact_field][et_pb_contact_field field_id=&#8221;Surname&#8221; field_title=&#8221;Voornaam&#8221; max_length=&#8221;25&#8243; allowed_symbols=&#8221;letters&#8221; _builder_version=&#8221;4.27.4&#8243; _module_preset=&#8221;default&#8221; global_colors_info=&#8221;{}&#8221; button_text_size__hover_enabled=&#8221;off&#8221; button_one_text_size__hover_enabled=&#8221;off&#8221; button_two_text_size__hover_enabled=&#8221;off&#8221; button_text_color__hover_enabled=&#8221;off&#8221; button_one_text_color__hover_enabled=&#8221;off&#8221; button_two_text_color__hover_enabled=&#8221;off&#8221; button_border_width__hover_enabled=&#8221;off&#8221; button_one_border_width__hover_enabled=&#8221;off&#8221; button_two_border_width__hover_enabled=&#8221;off&#8221; button_border_color__hover_enabled=&#8221;off&#8221; button_one_border_color__hover_enabled=&#8221;off&#8221; button_two_border_color__hover_enabled=&#8221;off&#8221; button_border_radius__hover_enabled=&#8221;off&#8221; button_one_border_radius__hover_enabled=&#8221;off&#8221; button_two_border_radius__hover_enabled=&#8221;off&#8221; button_letter_spacing__hover_enabled=&#8221;off&#8221; button_one_letter_spacing__hover_enabled=&#8221;off&#8221; button_two_letter_spacing__hover_enabled=&#8221;off&#8221; button_bg_color__hover_enabled=&#8221;off&#8221; button_one_bg_color__hover_enabled=&#8221;off&#8221; button_two_bg_color__hover_enabled=&#8221;off&#8221;][\/et_pb_contact_field][et_pb_contact_field field_id=&#8221;Phone&#8221; field_title=&#8221;Telefoon&#8221; min_length=&#8221;8&#8243; max_length=&#8221;15&#8243; allowed_symbols=&#8221;numbers&#8221; _builder_version=&#8221;4.27.4&#8243; _module_preset=&#8221;default&#8221; global_colors_info=&#8221;{}&#8221; button_text_size__hover_enabled=&#8221;off&#8221; button_one_text_size__hover_enabled=&#8221;off&#8221; button_two_text_size__hover_enabled=&#8221;off&#8221; button_text_color__hover_enabled=&#8221;off&#8221; button_one_text_color__hover_enabled=&#8221;off&#8221; button_two_text_color__hover_enabled=&#8221;off&#8221; button_border_width__hover_enabled=&#8221;off&#8221; button_one_border_width__hover_enabled=&#8221;off&#8221; button_two_border_width__hover_enabled=&#8221;off&#8221; button_border_color__hover_enabled=&#8221;off&#8221; button_one_border_color__hover_enabled=&#8221;off&#8221; button_two_border_color__hover_enabled=&#8221;off&#8221; button_border_radius__hover_enabled=&#8221;off&#8221; button_one_border_radius__hover_enabled=&#8221;off&#8221; button_two_border_radius__hover_enabled=&#8221;off&#8221; button_letter_spacing__hover_enabled=&#8221;off&#8221; button_one_letter_spacing__hover_enabled=&#8221;off&#8221; button_two_letter_spacing__hover_enabled=&#8221;off&#8221; button_bg_color__hover_enabled=&#8221;off&#8221; button_one_bg_color__hover_enabled=&#8221;off&#8221; button_two_bg_color__hover_enabled=&#8221;off&#8221;][\/et_pb_contact_field][et_pb_contact_field field_id=&#8221;Email&#8221; field_title=&#8221;E-mail  &#8221; field_type=&#8221;email&#8221; _builder_version=&#8221;4.27.4&#8243; _module_preset=&#8221;default&#8221; global_colors_info=&#8221;{}&#8221; button_text_size__hover_enabled=&#8221;off&#8221; button_one_text_size__hover_enabled=&#8221;off&#8221; button_two_text_size__hover_enabled=&#8221;off&#8221; button_text_color__hover_enabled=&#8221;off&#8221; button_one_text_color__hover_enabled=&#8221;off&#8221; button_two_text_color__hover_enabled=&#8221;off&#8221; button_border_width__hover_enabled=&#8221;off&#8221; button_one_border_width__hover_enabled=&#8221;off&#8221; button_two_border_width__hover_enabled=&#8221;off&#8221; button_border_color__hover_enabled=&#8221;off&#8221; button_one_border_color__hover_enabled=&#8221;off&#8221; button_two_border_color__hover_enabled=&#8221;off&#8221; button_border_radius__hover_enabled=&#8221;off&#8221; button_one_border_radius__hover_enabled=&#8221;off&#8221; button_two_border_radius__hover_enabled=&#8221;off&#8221; button_letter_spacing__hover_enabled=&#8221;off&#8221; button_one_letter_spacing__hover_enabled=&#8221;off&#8221; button_two_letter_spacing__hover_enabled=&#8221;off&#8221; button_bg_color__hover_enabled=&#8221;off&#8221; button_one_bg_color__hover_enabled=&#8221;off&#8221; button_two_bg_color__hover_enabled=&#8221;off&#8221;][\/et_pb_contact_field][et_pb_contact_field field_id=&#8221;type&#8221; field_title=&#8221;Soort entiteit&#8221; field_type=&#8221;select&#8221; select_options=&#8221;%91{%22value%22:%22Sportclub%22,%22checked%22:0,%22dragID%22:-1},{%22value%22:%22Vereniging%22,%22checked%22:0,%22dragID%22:0},{%22value%22:%22Individueel%22,%22checked%22:0,%22dragID%22:1},{%22value%22:%22Andere%22,%22checked%22:0,%22dragID%22:2}%93&#8243; _builder_version=&#8221;4.27.4&#8243; _module_preset=&#8221;default&#8221; global_colors_info=&#8221;{}&#8221;][\/et_pb_contact_field][et_pb_contact_field field_id=&#8221;name-entity&#8221; field_title=&#8221;Naam van de entiteit&#8221; max_length=&#8221;30&#8243; _builder_version=&#8221;4.27.4&#8243; _module_preset=&#8221;default&#8221; global_colors_info=&#8221;{}&#8221;][\/et_pb_contact_field][et_pb_contact_field field_id=&#8221;Produits&#8221; field_title=&#8221;Werk je al met onze producten?&#8221; field_type=&#8221;select&#8221; select_options=&#8221;%91{%22value%22:%22Ja%22,%22checked%22:0,%22dragID%22:-1},{%22value%22:%22Nee, nog niet%22,%22checked%22:0,%22dragID%22:0}%93&#8243; _builder_version=&#8221;4.27.4&#8243; _module_preset=&#8221;default&#8221; global_colors_info=&#8221;{}&#8221;][\/et_pb_contact_field][et_pb_contact_field field_id=&#8221;endroit&#8221; field_title=&#8221;Zo ja, waar koop je onze bieren?&#8221; required_mark=&#8221;off&#8221; _builder_version=&#8221;4.27.4&#8243; _module_preset=&#8221;default&#8221; global_colors_info=&#8221;{}&#8221;][\/et_pb_contact_field][et_pb_contact_field field_id=&#8221;Message&#8221; field_title=&#8221;Bericht&#8221; field_type=&#8221;text&#8221; fullwidth_field=&#8221;on&#8221; _builder_version=&#8221;4.27.4&#8243; _module_preset=&#8221;default&#8221; global_colors_info=&#8221;{}&#8221; button_text_size__hover_enabled=&#8221;off&#8221; button_one_text_size__hover_enabled=&#8221;off&#8221; button_two_text_size__hover_enabled=&#8221;off&#8221; button_text_color__hover_enabled=&#8221;off&#8221; button_one_text_color__hover_enabled=&#8221;off&#8221; button_two_text_color__hover_enabled=&#8221;off&#8221; button_border_width__hover_enabled=&#8221;off&#8221; button_one_border_width__hover_enabled=&#8221;off&#8221; button_two_border_width__hover_enabled=&#8221;off&#8221; button_border_color__hover_enabled=&#8221;off&#8221; button_one_border_color__hover_enabled=&#8221;off&#8221; button_two_border_color__hover_enabled=&#8221;off&#8221; button_border_radius__hover_enabled=&#8221;off&#8221; button_one_border_radius__hover_enabled=&#8221;off&#8221; button_two_border_radius__hover_enabled=&#8221;off&#8221; button_letter_spacing__hover_enabled=&#8221;off&#8221; button_one_letter_spacing__hover_enabled=&#8221;off&#8221; button_two_letter_spacing__hover_enabled=&#8221;off&#8221; button_bg_color__hover_enabled=&#8221;off&#8221; button_one_bg_color__hover_enabled=&#8221;off&#8221; button_two_bg_color__hover_enabled=&#8221;off&#8221;][\/et_pb_contact_field][\/et_pb_contact_form][\/et_pb_column][\/et_pb_row][\/et_pb_section][et_pb_section fb_built=&#8221;1&#8243; _builder_version=&#8221;4.27.4&#8243; _module_preset=&#8221;default&#8221; background_color=&#8221;#aa1428&#8243; global_colors_info=&#8221;{}&#8221;][et_pb_row column_structure=&#8221;1_3,1_3,1_3&#8243; _builder_version=&#8221;4.25.2&#8243; _module_preset=&#8221;default&#8221; global_colors_info=&#8221;{}&#8221;][et_pb_column type=&#8221;1_3&#8243; _builder_version=&#8221;4.25.2&#8243; _module_preset=&#8221;default&#8221; global_colors_info=&#8221;{}&#8221;][et_pb_blurb title=&#8221;Kom ons bezoeken&#8221; use_icon=&#8221;on&#8221; font_icon=&#8221;&#xf3c5;||fa||900&#8243; icon_color=&#8221;#FFFFFF&#8221; _builder_version=&#8221;4.27.4&#8243; _module_preset=&#8221;c06f12ac-14d7-428b-8cef-cf80cc10cd5a&#8221; header_font=&#8221;Bebas Neue||||||||&#8221; body_font=&#8221;&#8211;et_global_body_font||||||||&#8221; global_colors_info=&#8221;{%22gcid-d7cd5a78-aaef-4f36-82a3-4d3706015cba%22:%91%22link_text_color%22,%22link_text_color%22,%22link_text_color%22%93,%22gcid-1f1b4e15-7cc6-4e13-8154-74d77a956460%22:%91%22link_text_color%22,%22quote_text_color%22,%22quote_border_color%22,%22link_text_color%22,%22quote_text_color%22,%22quote_border_color%22%93}&#8221;]<\/p>\n<p>Rue basse 5<\/p>\n<p>7904 Tourpes, Belgi\u00eb<\/p>\n<p>[\/et_pb_blurb][\/et_pb_column][et_pb_column type=&#8221;1_3&#8243; _builder_version=&#8221;4.25.2&#8243; _module_preset=&#8221;default&#8221; global_colors_info=&#8221;{}&#8221;][et_pb_blurb title=&#8221;Neem contact met ons op&#8221; use_icon=&#8221;on&#8221; font_icon=&#8221;&#xe090;||divi||400&#8243; icon_color=&#8221;#FFFFFF&#8221; _builder_version=&#8221;4.27.4&#8243; _module_preset=&#8221;c06f12ac-14d7-428b-8cef-cf80cc10cd5a&#8221; header_font=&#8221;Bebas Neue||||||||&#8221; locked=&#8221;off&#8221; global_colors_info=&#8221;{%22gcid-d7cd5a78-aaef-4f36-82a3-4d3706015cba%22:%91%22link_text_color%22,%22link_text_color%22,%22link_text_color%22%93,%22gcid-1f1b4e15-7cc6-4e13-8154-74d77a956460%22:%91%22link_text_color%22,%22quote_text_color%22,%22quote_border_color%22,%22link_text_color%22,%22quote_text_color%22,%22quote_border_color%22%93}&#8221;]<\/p>\n<p>069 22 56 39<\/p>\n<p>[\/et_pb_blurb][\/et_pb_column][et_pb_column type=&#8221;1_3&#8243; _builder_version=&#8221;4.25.2&#8243; _module_preset=&#8221;default&#8221; global_colors_info=&#8221;{}&#8221;][et_pb_blurb title=&#8221;Schrijf ons&#8221; use_icon=&#8221;on&#8221; font_icon=&#8221;&#xe076;||divi||400&#8243; icon_color=&#8221;#FFFFFF&#8221; _builder_version=&#8221;4.27.4&#8243; _module_preset=&#8221;c06f12ac-14d7-428b-8cef-cf80cc10cd5a&#8221; header_font=&#8221;Bebas Neue||||||||&#8221; body_link_text_color=&#8221;#FFFFFF&#8221; locked=&#8221;off&#8221; global_colors_info=&#8221;{%22gcid-d7cd5a78-aaef-4f36-82a3-4d3706015cba%22:%91%22link_text_color%22,%22link_text_color%22,%22link_text_color%22,%22link_text_color%22%93,%22gcid-1f1b4e15-7cc6-4e13-8154-74d77a956460%22:%91%22link_text_color%22,%22quote_text_color%22,%22quote_border_color%22,%22link_text_color%22,%22quote_text_color%22,%22quote_border_color%22,%22link_text_color%22,%22quote_text_color%22,%22quote_border_color%22%93}&#8221;]<\/p>\n<p>contact@brasserie-dupont.com<\/p>\n<p>[\/et_pb_blurb][\/et_pb_column][\/et_pb_row][\/et_pb_section]<\/p>\n","protected":false},"excerpt":{"rendered":"<p>Rue basse 5 7904 Tourpes, Belgi\u00eb069 22 56 39contact@brasserie-dupont.com<\/p>\n","protected":false},"author":1,"featured_media":0,"parent":0,"menu_order":0,"comment_status":"closed","ping_status":"closed","template":"","meta":{"_et_pb_use_builder":"on","_et_pb_old_content":"","_et_gb_content_width":"","footnotes":""},"class_list":["post-1561","page","type-page","status-publish","hentry"],"yoast_head":"<!-- This site is optimized with the Yoast SEO Premium plugin v27.5 (Yoast SEO v27.5) - https:\/\/yoast.com\/product\/yoast-seo-premium-wordpress\/ -->\n<title>Samenwerking - Brasserie Dupont<\/title>\n<meta name=\"description\" content=\"%\" \/>\n<meta name=\"robots\" content=\"index, follow, max-snippet:-1, max-image-preview:large, max-video-preview:-1\" \/>\n<link rel=\"canonical\" href=\"https:\/\/www.brasserie-dupont.com\/nl\/samenwerking\/\" \/>\n<meta property=\"og:locale\" content=\"nl_NL\" \/>\n<meta property=\"og:type\" content=\"article\" \/>\n<meta property=\"og:title\" content=\"Samenwerking\" \/>\n<meta property=\"og:description\" content=\"%\" \/>\n<meta property=\"og:url\" content=\"https:\/\/www.brasserie-dupont.com\/nl\/samenwerking\/\" \/>\n<meta property=\"og:site_name\" content=\"Brasserie Dupont\" \/>\n<meta property=\"article:publisher\" content=\"https:\/\/www.facebook.com\/brasseriedupont.srl\" \/>\n<meta property=\"article:modified_time\" content=\"2025-03-26T13:49:06+00:00\" \/>\n<meta property=\"og:image\" content=\"https:\/\/www.brasserie-dupont.com\/wp-content\/uploads\/2025\/08\/article_default.jpg\" \/>\n\t<meta property=\"og:image:width\" content=\"1200\" \/>\n\t<meta property=\"og:image:height\" content=\"675\" \/>\n\t<meta property=\"og:image:type\" content=\"image\/jpeg\" \/>\n<meta name=\"twitter:card\" content=\"summary_large_image\" \/>\n<meta name=\"twitter:label1\" content=\"Geschatte leestijd\" \/>\n\t<meta name=\"twitter:data1\" content=\"9 minuten\" \/>\n<script type=\"application\/ld+json\" class=\"yoast-schema-graph\">{\"@context\":\"https:\\\/\\\/schema.org\",\"@graph\":[{\"@type\":\"WebPage\",\"@id\":\"https:\\\/\\\/www.brasserie-dupont.com\\\/nl\\\/samenwerking\\\/\",\"url\":\"https:\\\/\\\/www.brasserie-dupont.com\\\/nl\\\/samenwerking\\\/\",\"name\":\"Samenwerking - Brasserie Dupont\",\"isPartOf\":{\"@id\":\"https:\\\/\\\/www.brasserie-dupont.com\\\/nl\\\/#website\"},\"datePublished\":\"2025-01-20T15:03:20+00:00\",\"dateModified\":\"2025-03-26T13:49:06+00:00\",\"description\":\"%\",\"breadcrumb\":{\"@id\":\"https:\\\/\\\/www.brasserie-dupont.com\\\/nl\\\/samenwerking\\\/#breadcrumb\"},\"inLanguage\":\"nl-NL\",\"potentialAction\":[{\"@type\":\"ReadAction\",\"target\":[\"https:\\\/\\\/www.brasserie-dupont.com\\\/nl\\\/samenwerking\\\/\"]}]},{\"@type\":\"BreadcrumbList\",\"@id\":\"https:\\\/\\\/www.brasserie-dupont.com\\\/nl\\\/samenwerking\\\/#breadcrumb\",\"itemListElement\":[{\"@type\":\"ListItem\",\"position\":1,\"name\":\"Home\",\"item\":\"https:\\\/\\\/www.brasserie-dupont.com\\\/nl\\\/\"},{\"@type\":\"ListItem\",\"position\":2,\"name\":\"Samenwerking\"}]},{\"@type\":\"WebSite\",\"@id\":\"https:\\\/\\\/www.brasserie-dupont.com\\\/nl\\\/#website\",\"url\":\"https:\\\/\\\/www.brasserie-dupont.com\\\/nl\\\/\",\"name\":\"Brasserie Dupont\",\"description\":\"\",\"publisher\":{\"@id\":\"https:\\\/\\\/www.brasserie-dupont.com\\\/nl\\\/#organization\"},\"potentialAction\":[{\"@type\":\"SearchAction\",\"target\":{\"@type\":\"EntryPoint\",\"urlTemplate\":\"https:\\\/\\\/www.brasserie-dupont.com\\\/nl\\\/?s={search_term_string}\"},\"query-input\":{\"@type\":\"PropertyValueSpecification\",\"valueRequired\":true,\"valueName\":\"search_term_string\"}}],\"inLanguage\":\"nl-NL\"},{\"@type\":\"Organization\",\"@id\":\"https:\\\/\\\/www.brasserie-dupont.com\\\/nl\\\/#organization\",\"name\":\"Brasserie Dupont\",\"url\":\"https:\\\/\\\/www.brasserie-dupont.com\\\/nl\\\/\",\"logo\":{\"@type\":\"ImageObject\",\"inLanguage\":\"nl-NL\",\"@id\":\"https:\\\/\\\/www.brasserie-dupont.com\\\/nl\\\/#\\\/schema\\\/logo\\\/image\\\/\",\"url\":\"https:\\\/\\\/www.brasserie-dupont.com\\\/wp-content\\\/uploads\\\/2024\\\/10\\\/DUP_Blason_NEW_2021-CMYK-FOGRA39.png\",\"contentUrl\":\"https:\\\/\\\/www.brasserie-dupont.com\\\/wp-content\\\/uploads\\\/2024\\\/10\\\/DUP_Blason_NEW_2021-CMYK-FOGRA39.png\",\"width\":200,\"height\":238,\"caption\":\"Brasserie Dupont\"},\"image\":{\"@id\":\"https:\\\/\\\/www.brasserie-dupont.com\\\/nl\\\/#\\\/schema\\\/logo\\\/image\\\/\"},\"sameAs\":[\"https:\\\/\\\/www.facebook.com\\\/brasseriedupont.srl\",\"https:\\\/\\\/www.instagram.com\\\/brasseriedupont\\\/?hl=fr\"],\"description\":\"La Brasserie Dupont, r\u00e9f\u00e9rence mondiale du style Saison, produit des bi\u00e8res artisanales belges authentiques, brass\u00e9es avec passion et savoir-faire traditionnel.\",\"email\":\"contact@brasserie-dupont.com\",\"legalName\":\"Brasserie Dupont SRL\"}]}<\/script>\n<!-- \/ Yoast SEO Premium plugin. -->","yoast_head_json":{"title":"Samenwerking - Brasserie Dupont","description":"%","robots":{"index":"index","follow":"follow","max-snippet":"max-snippet:-1","max-image-preview":"max-image-preview:large","max-video-preview":"max-video-preview:-1"},"canonical":"https:\/\/www.brasserie-dupont.com\/nl\/samenwerking\/","og_locale":"nl_NL","og_type":"article","og_title":"Samenwerking","og_description":"%","og_url":"https:\/\/www.brasserie-dupont.com\/nl\/samenwerking\/","og_site_name":"Brasserie Dupont","article_publisher":"https:\/\/www.facebook.com\/brasseriedupont.srl","article_modified_time":"2025-03-26T13:49:06+00:00","og_image":[{"width":1200,"height":675,"url":"https:\/\/www.brasserie-dupont.com\/wp-content\/uploads\/2025\/08\/article_default.jpg","type":"image\/jpeg"}],"twitter_card":"summary_large_image","twitter_misc":{"Geschatte leestijd":"9 minuten"},"schema":{"@context":"https:\/\/schema.org","@graph":[{"@type":"WebPage","@id":"https:\/\/www.brasserie-dupont.com\/nl\/samenwerking\/","url":"https:\/\/www.brasserie-dupont.com\/nl\/samenwerking\/","name":"Samenwerking - Brasserie Dupont","isPartOf":{"@id":"https:\/\/www.brasserie-dupont.com\/nl\/#website"},"datePublished":"2025-01-20T15:03:20+00:00","dateModified":"2025-03-26T13:49:06+00:00","description":"%","breadcrumb":{"@id":"https:\/\/www.brasserie-dupont.com\/nl\/samenwerking\/#breadcrumb"},"inLanguage":"nl-NL","potentialAction":[{"@type":"ReadAction","target":["https:\/\/www.brasserie-dupont.com\/nl\/samenwerking\/"]}]},{"@type":"BreadcrumbList","@id":"https:\/\/www.brasserie-dupont.com\/nl\/samenwerking\/#breadcrumb","itemListElement":[{"@type":"ListItem","position":1,"name":"Home","item":"https:\/\/www.brasserie-dupont.com\/nl\/"},{"@type":"ListItem","position":2,"name":"Samenwerking"}]},{"@type":"WebSite","@id":"https:\/\/www.brasserie-dupont.com\/nl\/#website","url":"https:\/\/www.brasserie-dupont.com\/nl\/","name":"Brasserie Dupont","description":"","publisher":{"@id":"https:\/\/www.brasserie-dupont.com\/nl\/#organization"},"potentialAction":[{"@type":"SearchAction","target":{"@type":"EntryPoint","urlTemplate":"https:\/\/www.brasserie-dupont.com\/nl\/?s={search_term_string}"},"query-input":{"@type":"PropertyValueSpecification","valueRequired":true,"valueName":"search_term_string"}}],"inLanguage":"nl-NL"},{"@type":"Organization","@id":"https:\/\/www.brasserie-dupont.com\/nl\/#organization","name":"Brasserie Dupont","url":"https:\/\/www.brasserie-dupont.com\/nl\/","logo":{"@type":"ImageObject","inLanguage":"nl-NL","@id":"https:\/\/www.brasserie-dupont.com\/nl\/#\/schema\/logo\/image\/","url":"https:\/\/www.brasserie-dupont.com\/wp-content\/uploads\/2024\/10\/DUP_Blason_NEW_2021-CMYK-FOGRA39.png","contentUrl":"https:\/\/www.brasserie-dupont.com\/wp-content\/uploads\/2024\/10\/DUP_Blason_NEW_2021-CMYK-FOGRA39.png","width":200,"height":238,"caption":"Brasserie Dupont"},"image":{"@id":"https:\/\/www.brasserie-dupont.com\/nl\/#\/schema\/logo\/image\/"},"sameAs":["https:\/\/www.facebook.com\/brasseriedupont.srl","https:\/\/www.instagram.com\/brasseriedupont\/?hl=fr"],"description":"La Brasserie Dupont, r\u00e9f\u00e9rence mondiale du style Saison, produit des bi\u00e8res artisanales belges authentiques, brass\u00e9es avec passion et savoir-faire traditionnel.","email":"contact@brasserie-dupont.com","legalName":"Brasserie Dupont SRL"}]}},"_links":{"self":[{"href":"https:\/\/www.brasserie-dupont.com\/nl\/wp-json\/wp\/v2\/pages\/1561","targetHints":{"allow":["GET"]}}],"collection":[{"href":"https:\/\/www.brasserie-dupont.com\/nl\/wp-json\/wp\/v2\/pages"}],"about":[{"href":"https:\/\/www.brasserie-dupont.com\/nl\/wp-json\/wp\/v2\/types\/page"}],"author":[{"embeddable":true,"href":"https:\/\/www.brasserie-dupont.com\/nl\/wp-json\/wp\/v2\/users\/1"}],"replies":[{"embeddable":true,"href":"https:\/\/www.brasserie-dupont.com\/nl\/wp-json\/wp\/v2\/comments?post=1561"}],"version-history":[{"count":2,"href":"https:\/\/www.brasserie-dupont.com\/nl\/wp-json\/wp\/v2\/pages\/1561\/revisions"}],"predecessor-version":[{"id":1563,"href":"https:\/\/www.brasserie-dupont.com\/nl\/wp-json\/wp\/v2\/pages\/1561\/revisions\/1563"}],"wp:attachment":[{"href":"https:\/\/www.brasserie-dupont.com\/nl\/wp-json\/wp\/v2\/media?parent=1561"}],"curies":[{"name":"wp","href":"https:\/\/api.w.org\/{rel}","templated":true}]}}