{"id":1584,"date":"2025-01-06T10:51:00","date_gmt":"2025-01-06T09:51:00","guid":{"rendered":"https:\/\/preprod.wp.dupont.wavenet-test.be\/nieuws\/"},"modified":"2025-08-27T09:10:21","modified_gmt":"2025-08-27T07:10:21","slug":"nieuws","status":"publish","type":"page","link":"https:\/\/www.brasserie-dupont.com\/nl\/nieuws\/","title":{"rendered":"Nieuws"},"content":{"rendered":"<p>[et_pb_section fb_built=&#8221;1&#8243; admin_label=&#8221;Header&#8221; _builder_version=&#8221;4.22.0&#8243; _module_preset=&#8221;default&#8221; collapsed=&#8221;on&#8221; global_colors_info=&#8221;{}&#8221;][et_pb_row _builder_version=&#8221;4.24.0&#8243; _module_preset=&#8221;default&#8221; max_width=&#8221;1800px&#8221; global_colors_info=&#8221;{}&#8221;][et_pb_column type=&#8221;4_4&#8243; _builder_version=&#8221;4.22.0&#8243; _module_preset=&#8221;default&#8221; global_colors_info=&#8221;{}&#8221;][et_pb_text _builder_version=&#8221;4.27.4&#8243; _module_preset=&#8221;e1df747b-c665-431b-bcc3-da0aae5116f7&#8243; header_font=&#8221;Bebas Neue||||||||&#8221; header_font_size=&#8221;78px&#8221; text_orientation=&#8221;center&#8221; global_colors_info=&#8221;{}&#8221;]<\/p>\n<h1>Bruisend nieuws<\/h1>\n<p>[\/et_pb_text][et_pb_text _builder_version=&#8221;4.27.4&#8243; _module_preset=&#8221;default&#8221; text_font_size=&#8221;16px&#8221; hover_enabled=&#8221;0&#8243; sticky_enabled=&#8221;0&#8243;]<\/p>\n<p style=\"text-align: center;\">Welkom op de nieuwspagina van Brouwerij Dupont: ontdek het laatste nieuws van onze Belgische ambachtelijke brouwerij, onze nieuwe Saison-bieren, aankomende evenementen en het leven van ons team.<\/p>\n<p>[\/et_pb_text][et_pb_post_slider posts_number=&#8221;3&#8243; include_categories=&#8221;all&#8221; more_text=&#8221;Meer informatie&#8221; show_meta=&#8221;off&#8221; bg_overlay_color=&#8221;rgba(73,0,0,0.44)&#8221; use_text_overlay=&#8221;off&#8221; _builder_version=&#8221;4.27.4&#8243; _module_preset=&#8221;69b7ff5e-63ea-493c-8b88-23ba25b2db58&#8243; header_font=&#8221;Bebas Neue||||||||&#8221; body_font=&#8221;&#8211;et_global_body_font||||||||&#8221; body_font_size=&#8221;17px&#8221; background_enable_color=&#8221;off&#8221; button_font=&#8221;&#8211;et_global_heading_font|700|||||||&#8221; custom_margin=&#8221;||5%||false|false&#8221; border_radii=&#8221;on|1vw|1vw|1vw|1vw&#8221; locked=&#8221;off&#8221; global_colors_info=&#8221;{%22gcid-484db635-f953-40b6-926a-828c5cb79840%22:%91%22button_bg_color%22%93,%22gcid-2490e176-5733-4f77-b033-d0b72133e372%22:%91%22border_color_all%22,%22border_color_all_fields%22,%22meta_text_color%22%93}&#8221;][\/et_pb_post_slider][et_pb_blog posts_number=&#8221;6&#8243; include_categories=&#8221;22&#8243; show_date=&#8221;off&#8221; _builder_version=&#8221;4.27.4&#8243; _module_preset=&#8221;3505ea15-de0e-453d-bc03-ebcfc4dfe928&#8243; header_font=&#8221;Bebas Neue||||||||&#8221; header_font_size=&#8221;29px&#8221; header_line_height=&#8221;1em&#8221; meta_font=&#8221;&#8211;et_global_body_font|600|||||||&#8221; meta_text_color=&#8221;#BE1622&#8243; read_more_text_color=&#8221;#BE1622&#8243; border_radii=&#8221;on|5px|5px|5px|5px&#8221; locked=&#8221;off&#8221; global_colors_info=&#8221;{%22gcid-f1e65d51-fa2f-4bf0-b2c1-8eab7001e8fd%22:%91%22read_more_text_color%22,%22pagination_text_color%22,%22pagination_text_color%22%93}&#8221;][\/et_pb_blog][\/et_pb_column][\/et_pb_row][et_pb_row _builder_version=&#8221;4.27.4&#8243; _module_preset=&#8221;default&#8221; global_colors_info=&#8221;{}&#8221;][et_pb_column type=&#8221;4_4&#8243; _builder_version=&#8221;4.27.4&#8243; _module_preset=&#8221;default&#8221; global_colors_info=&#8221;{}&#8221;][et_pb_text _builder_version=&#8221;4.27.4&#8243; _module_preset=&#8221;default&#8221; header_3_font=&#8221;Bebas Neue||||||||&#8221; header_3_text_align=&#8221;center&#8221; header_3_font_size=&#8221;39px&#8221; global_colors_info=&#8221;{}&#8221;]<\/p>\n<h3>Zij hebben het over ons&#8230;<\/h3>\n<p>[\/et_pb_text][et_pb_text _builder_version=&#8221;4.27.4&#8243; _module_preset=&#8221;default&#8221; header_4_font=&#8221;Bebas Neue||||||||&#8221; header_4_font_size=&#8221;24px&#8221; transform_translate_linked__hover=&#8221;off&#8221; global_colors_info=&#8221;{}&#8221; transform_styles__hover_enabled=&#8221;on|hover&#8221; transform_scale__hover_enabled=&#8221;on|hover&#8221; transform_translate__hover_enabled=&#8221;on|desktop&#8221; transform_rotate__hover_enabled=&#8221;on|desktop&#8221; transform_skew__hover_enabled=&#8221;on|desktop&#8221; transform_origin__hover_enabled=&#8221;on|desktop&#8221; transform_translate__hover=&#8221;16px|0px&#8221;]<\/p>\n<h4><a href=\"https:\/\/www.notele.be\/it32-media157645-tourpes-beau-succes-pour-le-run-after-dupont-et-dupont.html\">\u27a4 Tourpes: groot succes voor de Dupont &amp; Dupont run after &#8211; Not\u00e9l\u00e9 &#8211; 2025<\/a><\/h4>\n<p>[\/et_pb_text][et_pb_text _builder_version=&#8221;4.27.4&#8243; _module_preset=&#8221;default&#8221; header_4_font=&#8221;Bebas Neue||||||||&#8221; header_4_font_size=&#8221;24px&#8221; transform_translate_linked__hover=&#8221;off&#8221; global_colors_info=&#8221;{}&#8221; transform_styles__hover_enabled=&#8221;on|hover&#8221; transform_scale__hover_enabled=&#8221;on|hover&#8221; transform_translate__hover_enabled=&#8221;on|desktop&#8221; transform_rotate__hover_enabled=&#8221;on|desktop&#8221; transform_skew__hover_enabled=&#8221;on|desktop&#8221; transform_origin__hover_enabled=&#8221;on|desktop&#8221; transform_translate__hover=&#8221;16px|0px&#8221;]<\/p>\n<h4><a href=\"https:\/\/auvio.rtbf.be\/media\/info-la-brasserie-dupont-opte-pour-la-canette-3322290\">\u27a4 de brouwerij dupont kiest voor blikjes &#8211; RTBF &#8211; 2025<\/a><\/h4>\n<p>[\/et_pb_text][et_pb_text _builder_version=&#8221;4.27.4&#8243; _module_preset=&#8221;default&#8221; header_4_font=&#8221;Bebas Neue||||||||&#8221; header_4_font_size=&#8221;24px&#8221; transform_translate_linked__hover=&#8221;off&#8221; global_colors_info=&#8221;{}&#8221; transform_styles__hover_enabled=&#8221;on|hover&#8221; transform_scale__hover_enabled=&#8221;on|hover&#8221; transform_translate__hover_enabled=&#8221;on|desktop&#8221; transform_rotate__hover_enabled=&#8221;on|desktop&#8221; transform_skew__hover_enabled=&#8221;on|desktop&#8221; transform_origin__hover_enabled=&#8221;on|desktop&#8221; transform_translate__hover=&#8221;16px|0px&#8221;]<\/p>\n<h4><a href=\"https:\/\/biere-actu.fr\/la-brasserie-dupont-lance-sa-saison-dry-hop-en-canette\/\">\u27a4 La Brasserie Dupont lance sa Saison Dry Hop en canette &#8211; bi\u00e8re actu &#8211; 2025<\/a><\/h4>\n<p>[\/et_pb_text][et_pb_text _builder_version=&#8221;4.27.4&#8243; _module_preset=&#8221;default&#8221; header_4_font=&#8221;Bebas Neue||||||||&#8221; header_4_font_size=&#8221;24px&#8221; transform_translate_linked__hover=&#8221;off&#8221; global_colors_info=&#8221;{}&#8221; transform_styles__hover_enabled=&#8221;on|hover&#8221; transform_scale__hover_enabled=&#8221;on|hover&#8221; transform_translate__hover_enabled=&#8221;on|desktop&#8221; transform_rotate__hover_enabled=&#8221;on|desktop&#8221; transform_skew__hover_enabled=&#8221;on|desktop&#8221; transform_origin__hover_enabled=&#8221;on|desktop&#8221; transform_translate__hover=&#8221;16px|0px&#8221;]<\/p>\n<h4><a href=\"https:\/\/www.lavenir.net\/regions\/wallonie-picarde\/leuze-en-hainaut\/2025\/03\/17\/de-la-biere-en-canette-sort-aussi-des-cuves-de-la-brasserie-dupont-a-tourpes-loccasion-de-tordre-le-cou-aux-idees-recues-26GSGMUDRVGVBFL2RNSIYZZYSY\/\">Bier in blik komt uit de vaten van de dupont brouwerij &#8211; L&#8217;avenir &#8211; 2025<\/a><\/h4>\n<p>[\/et_pb_text][et_pb_text _builder_version=&#8221;4.27.4&#8243; _module_preset=&#8221;default&#8221; header_4_font=&#8221;Bebas Neue||||||||&#8221; header_4_font_size=&#8221;24px&#8221; transform_translate_linked__hover=&#8221;off&#8221; global_colors_info=&#8221;{}&#8221; transform_styles__hover_enabled=&#8221;on|hover&#8221; transform_scale__hover_enabled=&#8221;on|hover&#8221; transform_translate__hover_enabled=&#8221;on|desktop&#8221; transform_rotate__hover_enabled=&#8221;on|desktop&#8221; transform_skew__hover_enabled=&#8221;on|desktop&#8221; transform_origin__hover_enabled=&#8221;on|desktop&#8221; transform_translate__hover=&#8221;16px|0px&#8221;]<\/p>\n<h4><a href=\"https:\/\/www.boursorama.com\/conso\/actualites\/la-biere-de-noel-tradition-saveurs-et-nouveautes-ab830a9672c775dfb63882059809ced9\">Kerstbier: traditie, smaken en nieuwigheden &#8211; Boursorama &#8211; 2024<\/a><\/h4>\n<p>[\/et_pb_text][et_pb_text _builder_version=&#8221;4.27.4&#8243; _module_preset=&#8221;default&#8221; header_4_font=&#8221;Bebas Neue||||||||&#8221; header_4_font_size=&#8221;24px&#8221; transform_translate_linked__hover=&#8221;off&#8221; global_colors_info=&#8221;{}&#8221; transform_styles__hover_enabled=&#8221;on|hover&#8221; transform_scale__hover_enabled=&#8221;on|hover&#8221; transform_translate__hover_enabled=&#8221;on|desktop&#8221; transform_rotate__hover_enabled=&#8221;on|desktop&#8221; transform_skew__hover_enabled=&#8221;on|desktop&#8221; transform_origin__hover_enabled=&#8221;on|desktop&#8221; transform_translate__hover=&#8221;16px|0px&#8221;]<\/p>\n<h4><a href=\"https:\/\/www.sudinfo.be\/id645424\/article\/2023-04-04\/la-brasserie-dupont-lance-ses-saisonnieres\">La Brasserie Dupont lanceert haar Saisonni\u00e8res &#8211; sudinfo &#8211; 2023<\/a><\/h4>\n<p>[\/et_pb_text][\/et_pb_column][\/et_pb_row][\/et_pb_section]<\/p>\n","protected":false},"excerpt":{"rendered":"<p>Bruisend nieuwsWelkom op de nieuwspagina van Brouwerij Dupont: ontdek het laatste nieuws van onze Belgische ambachtelijke brouwerij, onze nieuwe Saison-bieren, aankomende evenementen en het leven van ons team.Zij hebben het over ons&#8230;\u27a4 Tourpes: groot succes voor de Dupont &amp; Dupont run after &#8211; Not\u00e9l\u00e9 &#8211; 2025\u27a4 de brouwerij dupont kiest voor blikjes &#8211; RTBF &#8211; 2025\u27a4 La Brasserie Dupont lance sa Saison Dry Hop en canette &#8211; bi\u00e8re actu &#8211; 2025Bier in blik komt uit de vaten van de dupont brouwerij &#8211; L&#8217;avenir &#8211; 2025Kerstbier: traditie, smaken en nieuwigheden &#8211; Boursorama &#8211; 2024La Brasserie Dupont lanceert haar Saisonni\u00e8res &#8211; sudinfo &#8211; 2023<\/p>\n","protected":false},"author":1,"featured_media":0,"parent":0,"menu_order":0,"comment_status":"closed","ping_status":"closed","template":"","meta":{"_et_pb_use_builder":"on","_et_pb_old_content":"","_et_gb_content_width":"","footnotes":""},"class_list":["post-1584","page","type-page","status-publish","hentry"],"yoast_head":"<!-- This site is optimized with the Yoast SEO Premium plugin v27.5 (Yoast SEO v27.5) - https:\/\/yoast.com\/product\/yoast-seo-premium-wordpress\/ -->\n<title>Nieuws \u2013 Brasserie Dupont<\/title>\n<meta name=\"description\" content=\"Ontdek het laatste Brasserie Dupont Nieuws en blijf op de hoogte van het nieuws en de evenementen van de brouwerij.\" \/>\n<meta name=\"robots\" content=\"index, follow, max-snippet:-1, max-image-preview:large, max-video-preview:-1\" \/>\n<link rel=\"canonical\" href=\"https:\/\/www.brasserie-dupont.com\/nl\/nieuws\/\" \/>\n<meta property=\"og:locale\" content=\"nl_NL\" \/>\n<meta property=\"og:type\" content=\"article\" \/>\n<meta property=\"og:title\" content=\"Nieuws\" \/>\n<meta property=\"og:description\" content=\"Ontdek het laatste Brasserie Dupont Nieuws en blijf op de hoogte van het nieuws en de evenementen van de brouwerij.\" \/>\n<meta property=\"og:url\" content=\"https:\/\/www.brasserie-dupont.com\/nl\/nieuws\/\" \/>\n<meta property=\"og:site_name\" content=\"Brasserie Dupont\" \/>\n<meta property=\"article:publisher\" content=\"https:\/\/www.facebook.com\/brasseriedupont.srl\" \/>\n<meta property=\"article:modified_time\" content=\"2025-08-27T07:10:21+00:00\" \/>\n<meta property=\"og:image\" content=\"https:\/\/www.brasserie-dupont.com\/wp-content\/uploads\/2025\/08\/article_default.jpg\" \/>\n\t<meta property=\"og:image:width\" content=\"1200\" \/>\n\t<meta property=\"og:image:height\" content=\"675\" \/>\n\t<meta property=\"og:image:type\" content=\"image\/jpeg\" \/>\n<meta name=\"twitter:card\" content=\"summary_large_image\" \/>\n<meta name=\"twitter:label1\" content=\"Geschatte leestijd\" \/>\n\t<meta name=\"twitter:data1\" content=\"4 minuten\" \/>\n<script type=\"application\/ld+json\" class=\"yoast-schema-graph\">{\"@context\":\"https:\\\/\\\/schema.org\",\"@graph\":[{\"@type\":\"WebPage\",\"@id\":\"https:\\\/\\\/www.brasserie-dupont.com\\\/nl\\\/nieuws\\\/\",\"url\":\"https:\\\/\\\/www.brasserie-dupont.com\\\/nl\\\/nieuws\\\/\",\"name\":\"Nieuws \u2013 Brasserie Dupont\",\"isPartOf\":{\"@id\":\"https:\\\/\\\/www.brasserie-dupont.com\\\/nl\\\/#website\"},\"datePublished\":\"2025-01-06T09:51:00+00:00\",\"dateModified\":\"2025-08-27T07:10:21+00:00\",\"description\":\"Ontdek het laatste Brasserie Dupont Nieuws en blijf op de hoogte van het nieuws en de evenementen van de brouwerij.\",\"breadcrumb\":{\"@id\":\"https:\\\/\\\/www.brasserie-dupont.com\\\/nl\\\/nieuws\\\/#breadcrumb\"},\"inLanguage\":\"nl-NL\",\"potentialAction\":[{\"@type\":\"ReadAction\",\"target\":[\"https:\\\/\\\/www.brasserie-dupont.com\\\/nl\\\/nieuws\\\/\"]}]},{\"@type\":\"BreadcrumbList\",\"@id\":\"https:\\\/\\\/www.brasserie-dupont.com\\\/nl\\\/nieuws\\\/#breadcrumb\",\"itemListElement\":[{\"@type\":\"ListItem\",\"position\":1,\"name\":\"Home\",\"item\":\"https:\\\/\\\/www.brasserie-dupont.com\\\/nl\\\/\"},{\"@type\":\"ListItem\",\"position\":2,\"name\":\"Nieuws\"}]},{\"@type\":\"WebSite\",\"@id\":\"https:\\\/\\\/www.brasserie-dupont.com\\\/nl\\\/#website\",\"url\":\"https:\\\/\\\/www.brasserie-dupont.com\\\/nl\\\/\",\"name\":\"Brasserie Dupont\",\"description\":\"\",\"publisher\":{\"@id\":\"https:\\\/\\\/www.brasserie-dupont.com\\\/nl\\\/#organization\"},\"potentialAction\":[{\"@type\":\"SearchAction\",\"target\":{\"@type\":\"EntryPoint\",\"urlTemplate\":\"https:\\\/\\\/www.brasserie-dupont.com\\\/nl\\\/?s={search_term_string}\"},\"query-input\":{\"@type\":\"PropertyValueSpecification\",\"valueRequired\":true,\"valueName\":\"search_term_string\"}}],\"inLanguage\":\"nl-NL\"},{\"@type\":\"Organization\",\"@id\":\"https:\\\/\\\/www.brasserie-dupont.com\\\/nl\\\/#organization\",\"name\":\"Brasserie Dupont\",\"url\":\"https:\\\/\\\/www.brasserie-dupont.com\\\/nl\\\/\",\"logo\":{\"@type\":\"ImageObject\",\"inLanguage\":\"nl-NL\",\"@id\":\"https:\\\/\\\/www.brasserie-dupont.com\\\/nl\\\/#\\\/schema\\\/logo\\\/image\\\/\",\"url\":\"https:\\\/\\\/www.brasserie-dupont.com\\\/wp-content\\\/uploads\\\/2024\\\/10\\\/DUP_Blason_NEW_2021-CMYK-FOGRA39.png\",\"contentUrl\":\"https:\\\/\\\/www.brasserie-dupont.com\\\/wp-content\\\/uploads\\\/2024\\\/10\\\/DUP_Blason_NEW_2021-CMYK-FOGRA39.png\",\"width\":200,\"height\":238,\"caption\":\"Brasserie Dupont\"},\"image\":{\"@id\":\"https:\\\/\\\/www.brasserie-dupont.com\\\/nl\\\/#\\\/schema\\\/logo\\\/image\\\/\"},\"sameAs\":[\"https:\\\/\\\/www.facebook.com\\\/brasseriedupont.srl\",\"https:\\\/\\\/www.instagram.com\\\/brasseriedupont\\\/?hl=fr\"],\"description\":\"La Brasserie Dupont, r\u00e9f\u00e9rence mondiale du style Saison, produit des bi\u00e8res artisanales belges authentiques, brass\u00e9es avec passion et savoir-faire traditionnel.\",\"email\":\"contact@brasserie-dupont.com\",\"legalName\":\"Brasserie Dupont SRL\"}]}<\/script>\n<!-- \/ Yoast SEO Premium plugin. -->","yoast_head_json":{"title":"Nieuws \u2013 Brasserie Dupont","description":"Ontdek het laatste Brasserie Dupont Nieuws en blijf op de hoogte van het nieuws en de evenementen van de brouwerij.","robots":{"index":"index","follow":"follow","max-snippet":"max-snippet:-1","max-image-preview":"max-image-preview:large","max-video-preview":"max-video-preview:-1"},"canonical":"https:\/\/www.brasserie-dupont.com\/nl\/nieuws\/","og_locale":"nl_NL","og_type":"article","og_title":"Nieuws","og_description":"Ontdek het laatste Brasserie Dupont Nieuws en blijf op de hoogte van het nieuws en de evenementen van de brouwerij.","og_url":"https:\/\/www.brasserie-dupont.com\/nl\/nieuws\/","og_site_name":"Brasserie Dupont","article_publisher":"https:\/\/www.facebook.com\/brasseriedupont.srl","article_modified_time":"2025-08-27T07:10:21+00:00","og_image":[{"width":1200,"height":675,"url":"https:\/\/www.brasserie-dupont.com\/wp-content\/uploads\/2025\/08\/article_default.jpg","type":"image\/jpeg"}],"twitter_card":"summary_large_image","twitter_misc":{"Geschatte leestijd":"4 minuten"},"schema":{"@context":"https:\/\/schema.org","@graph":[{"@type":"WebPage","@id":"https:\/\/www.brasserie-dupont.com\/nl\/nieuws\/","url":"https:\/\/www.brasserie-dupont.com\/nl\/nieuws\/","name":"Nieuws \u2013 Brasserie Dupont","isPartOf":{"@id":"https:\/\/www.brasserie-dupont.com\/nl\/#website"},"datePublished":"2025-01-06T09:51:00+00:00","dateModified":"2025-08-27T07:10:21+00:00","description":"Ontdek het laatste Brasserie Dupont Nieuws en blijf op de hoogte van het nieuws en de evenementen van de brouwerij.","breadcrumb":{"@id":"https:\/\/www.brasserie-dupont.com\/nl\/nieuws\/#breadcrumb"},"inLanguage":"nl-NL","potentialAction":[{"@type":"ReadAction","target":["https:\/\/www.brasserie-dupont.com\/nl\/nieuws\/"]}]},{"@type":"BreadcrumbList","@id":"https:\/\/www.brasserie-dupont.com\/nl\/nieuws\/#breadcrumb","itemListElement":[{"@type":"ListItem","position":1,"name":"Home","item":"https:\/\/www.brasserie-dupont.com\/nl\/"},{"@type":"ListItem","position":2,"name":"Nieuws"}]},{"@type":"WebSite","@id":"https:\/\/www.brasserie-dupont.com\/nl\/#website","url":"https:\/\/www.brasserie-dupont.com\/nl\/","name":"Brasserie Dupont","description":"","publisher":{"@id":"https:\/\/www.brasserie-dupont.com\/nl\/#organization"},"potentialAction":[{"@type":"SearchAction","target":{"@type":"EntryPoint","urlTemplate":"https:\/\/www.brasserie-dupont.com\/nl\/?s={search_term_string}"},"query-input":{"@type":"PropertyValueSpecification","valueRequired":true,"valueName":"search_term_string"}}],"inLanguage":"nl-NL"},{"@type":"Organization","@id":"https:\/\/www.brasserie-dupont.com\/nl\/#organization","name":"Brasserie Dupont","url":"https:\/\/www.brasserie-dupont.com\/nl\/","logo":{"@type":"ImageObject","inLanguage":"nl-NL","@id":"https:\/\/www.brasserie-dupont.com\/nl\/#\/schema\/logo\/image\/","url":"https:\/\/www.brasserie-dupont.com\/wp-content\/uploads\/2024\/10\/DUP_Blason_NEW_2021-CMYK-FOGRA39.png","contentUrl":"https:\/\/www.brasserie-dupont.com\/wp-content\/uploads\/2024\/10\/DUP_Blason_NEW_2021-CMYK-FOGRA39.png","width":200,"height":238,"caption":"Brasserie Dupont"},"image":{"@id":"https:\/\/www.brasserie-dupont.com\/nl\/#\/schema\/logo\/image\/"},"sameAs":["https:\/\/www.facebook.com\/brasseriedupont.srl","https:\/\/www.instagram.com\/brasseriedupont\/?hl=fr"],"description":"La Brasserie Dupont, r\u00e9f\u00e9rence mondiale du style Saison, produit des bi\u00e8res artisanales belges authentiques, brass\u00e9es avec passion et savoir-faire traditionnel.","email":"contact@brasserie-dupont.com","legalName":"Brasserie Dupont SRL"}]}},"_links":{"self":[{"href":"https:\/\/www.brasserie-dupont.com\/nl\/wp-json\/wp\/v2\/pages\/1584","targetHints":{"allow":["GET"]}}],"collection":[{"href":"https:\/\/www.brasserie-dupont.com\/nl\/wp-json\/wp\/v2\/pages"}],"about":[{"href":"https:\/\/www.brasserie-dupont.com\/nl\/wp-json\/wp\/v2\/types\/page"}],"author":[{"embeddable":true,"href":"https:\/\/www.brasserie-dupont.com\/nl\/wp-json\/wp\/v2\/users\/1"}],"replies":[{"embeddable":true,"href":"https:\/\/www.brasserie-dupont.com\/nl\/wp-json\/wp\/v2\/comments?post=1584"}],"version-history":[{"count":6,"href":"https:\/\/www.brasserie-dupont.com\/nl\/wp-json\/wp\/v2\/pages\/1584\/revisions"}],"predecessor-version":[{"id":2149,"href":"https:\/\/www.brasserie-dupont.com\/nl\/wp-json\/wp\/v2\/pages\/1584\/revisions\/2149"}],"wp:attachment":[{"href":"https:\/\/www.brasserie-dupont.com\/nl\/wp-json\/wp\/v2\/media?parent=1584"}],"curies":[{"name":"wp","href":"https:\/\/api.w.org\/{rel}","templated":true}]}}